{"id":517,"date":"2024-07-12T16:33:23","date_gmt":"2024-07-12T20:33:23","guid":{"rendered":"https:\/\/isc-rancagua.cl\/sc\/?page_id=517"},"modified":"2025-04-25T17:54:10","modified_gmt":"2025-04-25T21:54:10","slug":"calendario-de-actividades","status":"publish","type":"page","link":"https:\/\/isc-rancagua.cl\/sc\/calendario-de-actividades\/","title":{"rendered":"Calendario de Evaluaciones"},"content":{"rendered":"\r\n<p>Seleccione el nivel para ingresar al calendario de evaluaciones.<\/p>\r\n<p><strong>ENSE\u00d1ANZA B\u00c1SICA<\/strong><\/p>\r\n<table style=\"border-collapse: collapse; width: 100%;\">\r\n<tbody>\r\n<tr>\r\n<td style=\"width: 25%; text-align: center;\"><a href=\"https:\/\/calendar.google.com\/calendar\/embed?src=c_ed15c77f3f67a8376dfc107d5e858f825220352c3698f91fbf522f4721ac702a%40group.calendar.google.com&amp;ctz=America%2FSantiago\" target=\"_blank\" rel=\"noopener\"><img loading=\"lazy\" decoding=\"async\" class=\"alignnone size-medium wp-image-530\" src=\"https:\/\/isc-rancagua.cl\/sc\/wp-content\/uploads\/2024\/07\/calendario-451x365.png\" alt=\"\" width=\"451\" height=\"365\" srcset=\"https:\/\/isc-rancagua.cl\/sc\/wp-content\/uploads\/2024\/07\/calendario-451x365.png 451w, https:\/\/isc-rancagua.cl\/sc\/wp-content\/uploads\/2024\/07\/calendario.png 568w\" sizes=\"auto, (max-width: 451px) 100vw, 451px\" \/><\/a><\/td>\r\n<td style=\"width: 25%; text-align: center;\"><a href=\"https:\/\/calendar.google.com\/calendar\/embed?src=c_91bd517f2c6c03c19a645b1b8e09350b917c5c44a2c5a37b8095dcca1200740b%40group.calendar.google.com&amp;ctz=America%2FSantiago\" target=\"_blank\" rel=\"noopener\"><img loading=\"lazy\" decoding=\"async\" class=\"alignnone size-medium wp-image-530\" src=\"https:\/\/isc-rancagua.cl\/sc\/wp-content\/uploads\/2024\/07\/calendario-451x365.png\" alt=\"\" width=\"451\" height=\"365\" srcset=\"https:\/\/isc-rancagua.cl\/sc\/wp-content\/uploads\/2024\/07\/calendario-451x365.png 451w, https:\/\/isc-rancagua.cl\/sc\/wp-content\/uploads\/2024\/07\/calendario.png 568w\" sizes=\"auto, (max-width: 451px) 100vw, 451px\" \/><\/a><\/td>\r\n<td style=\"width: 25%; text-align: center;\"><a href=\"https:\/\/calendar.google.com\/calendar\/embed?src=c_86a0c2df939f5c52df8723ad327f92477dcd0b81b6f51c25ff85922015468867%40group.calendar.google.com&amp;ctz=America%2FSantiago\" target=\"_blank\" rel=\"noopener\"><img loading=\"lazy\" decoding=\"async\" class=\"alignnone size-medium wp-image-530\" src=\"https:\/\/isc-rancagua.cl\/sc\/wp-content\/uploads\/2024\/07\/calendario-451x365.png\" alt=\"\" width=\"451\" height=\"365\" srcset=\"https:\/\/isc-rancagua.cl\/sc\/wp-content\/uploads\/2024\/07\/calendario-451x365.png 451w, https:\/\/isc-rancagua.cl\/sc\/wp-content\/uploads\/2024\/07\/calendario.png 568w\" sizes=\"auto, (max-width: 451px) 100vw, 451px\" \/><\/a><\/td>\r\n<td style=\"width: 25%; text-align: center;\"><a href=\"https:\/\/calendar.google.com\/calendar\/embed?src=c_efde52b9cdb1d9c46aba759b74381e2dc82445746146ab7bbd5a70c6ba22f310%40group.calendar.google.com&amp;ctz=America%2FSantiago\" target=\"_blank\" rel=\"noopener\"><img loading=\"lazy\" decoding=\"async\" class=\"alignnone size-medium wp-image-530\" src=\"https:\/\/isc-rancagua.cl\/sc\/wp-content\/uploads\/2024\/07\/calendario-451x365.png\" alt=\"\" width=\"451\" height=\"365\" srcset=\"https:\/\/isc-rancagua.cl\/sc\/wp-content\/uploads\/2024\/07\/calendario-451x365.png 451w, https:\/\/isc-rancagua.cl\/sc\/wp-content\/uploads\/2024\/07\/calendario.png 568w\" sizes=\"auto, (max-width: 451px) 100vw, 451px\" \/><\/a><\/td>\r\n<\/tr>\r\n<tr>\r\n<td style=\"width: 25%; text-align: center;\"><span style=\"font-size: 10pt; color: #000080;\"><strong>Primero B\u00e1sico<\/strong><\/span><\/td>\r\n<td style=\"width: 25%; text-align: center;\"><span style=\"font-size: 10pt; color: #000080;\"><strong>Segundo B\u00e1sico<\/strong><\/span><\/td>\r\n<td style=\"width: 25%; text-align: center;\"><span style=\"font-size: 10pt; color: #000080;\"><strong>Tercero B\u00e1sico<\/strong><\/span><\/td>\r\n<td style=\"width: 25%; text-align: center;\"><span style=\"font-size: 10pt; color: #000080;\"><strong>Cuarto B\u00e1sico<\/strong><\/span><\/td>\r\n<\/tr>\r\n<\/tbody>\r\n<\/table>\r\n<p>&nbsp;<\/p>\r\n<table style=\"border-collapse: collapse; width: 100%;\">\r\n<tbody>\r\n<tr>\r\n<td style=\"width: 25%;\"><a href=\"https:\/\/calendar.google.com\/calendar\/embed?src=c_cf579d5d273f91369d2b629ffd0fe3aa8324d3de5f7a5c852453b7cae125b1f6%40group.calendar.google.com&amp;ctz=America%2FSantiago\" target=\"_blank\" rel=\"noopener\"><img loading=\"lazy\" decoding=\"async\" class=\"alignnone size-medium wp-image-530\" src=\"https:\/\/isc-rancagua.cl\/sc\/wp-content\/uploads\/2024\/07\/calendario-451x365.png\" alt=\"\" width=\"451\" height=\"365\" srcset=\"https:\/\/isc-rancagua.cl\/sc\/wp-content\/uploads\/2024\/07\/calendario-451x365.png 451w, https:\/\/isc-rancagua.cl\/sc\/wp-content\/uploads\/2024\/07\/calendario.png 568w\" sizes=\"auto, (max-width: 451px) 100vw, 451px\" \/><\/a><\/td>\r\n<td style=\"width: 25%;\"><a href=\"https:\/\/calendar.google.com\/calendar\/embed?src=c_2a3339f9c821367e8e9db8c0d7d561bf4a4f45e2dac462ef4adea58f28277aa5%40group.calendar.google.com&amp;ctz=America%2FSantiago\" target=\"_blank\" rel=\"noopener\"><img loading=\"lazy\" decoding=\"async\" class=\"alignnone size-medium wp-image-530\" src=\"https:\/\/isc-rancagua.cl\/sc\/wp-content\/uploads\/2024\/07\/calendario-451x365.png\" alt=\"\" width=\"451\" height=\"365\" srcset=\"https:\/\/isc-rancagua.cl\/sc\/wp-content\/uploads\/2024\/07\/calendario-451x365.png 451w, https:\/\/isc-rancagua.cl\/sc\/wp-content\/uploads\/2024\/07\/calendario.png 568w\" sizes=\"auto, (max-width: 451px) 100vw, 451px\" \/><\/a><\/td>\r\n<td style=\"width: 25%;\"><a href=\"https:\/\/calendar.google.com\/calendar\/embed?src=c_21c5cd6f8ead1a9d175a27871b21658fcadca1dcecbc227966da44fe7ade5201%40group.calendar.google.com&amp;ctz=America%2FSantiago\" target=\"_blank\" rel=\"noopener\"><img loading=\"lazy\" decoding=\"async\" class=\"alignnone size-medium wp-image-530\" src=\"https:\/\/isc-rancagua.cl\/sc\/wp-content\/uploads\/2024\/07\/calendario-451x365.png\" alt=\"\" width=\"451\" height=\"365\" srcset=\"https:\/\/isc-rancagua.cl\/sc\/wp-content\/uploads\/2024\/07\/calendario-451x365.png 451w, https:\/\/isc-rancagua.cl\/sc\/wp-content\/uploads\/2024\/07\/calendario.png 568w\" sizes=\"auto, (max-width: 451px) 100vw, 451px\" \/><\/a><\/td>\r\n<td style=\"width: 25%;\"><a href=\"https:\/\/calendar.google.com\/calendar\/embed?src=c_5168cc7407075ed49efadd9c95ef2754362370620c9433c0fa154b8e863f557e%40group.calendar.google.com&amp;ctz=America%2FSantiago\" target=\"_blank\" rel=\"noopener\"><img loading=\"lazy\" decoding=\"async\" class=\"alignnone size-medium wp-image-530\" src=\"https:\/\/isc-rancagua.cl\/sc\/wp-content\/uploads\/2024\/07\/calendario-451x365.png\" alt=\"\" width=\"451\" height=\"365\" srcset=\"https:\/\/isc-rancagua.cl\/sc\/wp-content\/uploads\/2024\/07\/calendario-451x365.png 451w, https:\/\/isc-rancagua.cl\/sc\/wp-content\/uploads\/2024\/07\/calendario.png 568w\" sizes=\"auto, (max-width: 451px) 100vw, 451px\" \/><\/a><\/td>\r\n<\/tr>\r\n<tr>\r\n<td style=\"width: 25%; text-align: center;\"><span style=\"font-size: 10pt; color: #000080;\"><strong>Quinto B\u00e1sico<\/strong><\/span><\/td>\r\n<td style=\"width: 25%; text-align: center;\"><span style=\"font-size: 10pt; color: #000080;\"><strong>Sexto B\u00e1sico<\/strong><\/span><\/td>\r\n<td style=\"width: 25%; text-align: center;\"><span style=\"font-size: 10pt; color: #000080;\"><strong>S\u00e9ptimo B\u00e1sico<\/strong><\/span><\/td>\r\n<td style=\"width: 25%; text-align: center;\"><span style=\"font-size: 10pt; color: #000080;\"><strong>Octavo B\u00e1sico<\/strong><\/span><\/td>\r\n<\/tr>\r\n<\/tbody>\r\n<\/table>\r\n<p>&nbsp;<\/p>\r\n<p><strong>ENSE\u00d1ANZA MEDIA<\/strong><\/p>\r\n<table style=\"border-collapse: collapse; width: 100%;\">\r\n<tbody>\r\n<tr>\r\n<td style=\"width: 25%;\"><a href=\"https:\/\/calendar.google.com\/calendar\/embed?src=c_55abb06fa429f9d7a3a85528e77cd47c64891c3929f60b65181b3a941e5d9cb3%40group.calendar.google.com&amp;ctz=America%2FSantiago\" target=\"_blank\" rel=\"noopener\"><img loading=\"lazy\" decoding=\"async\" class=\"alignnone size-medium wp-image-530\" src=\"https:\/\/isc-rancagua.cl\/sc\/wp-content\/uploads\/2024\/07\/calendario-451x365.png\" alt=\"\" width=\"451\" height=\"365\" srcset=\"https:\/\/isc-rancagua.cl\/sc\/wp-content\/uploads\/2024\/07\/calendario-451x365.png 451w, https:\/\/isc-rancagua.cl\/sc\/wp-content\/uploads\/2024\/07\/calendario.png 568w\" sizes=\"auto, (max-width: 451px) 100vw, 451px\" \/><\/a><\/td>\r\n<td style=\"width: 25%;\"><a href=\"https:\/\/calendar.google.com\/calendar\/embed?src=c_295fe2973ef364e12d5aea1f72de05078c8bfd8080614fbbc0b35675bc3b2ca8%40group.calendar.google.com&amp;ctz=America%2FSantiago\" target=\"_blank\" rel=\"noopener\"><img loading=\"lazy\" decoding=\"async\" class=\"alignnone size-medium wp-image-530\" src=\"https:\/\/isc-rancagua.cl\/sc\/wp-content\/uploads\/2024\/07\/calendario-451x365.png\" alt=\"\" width=\"451\" height=\"365\" srcset=\"https:\/\/isc-rancagua.cl\/sc\/wp-content\/uploads\/2024\/07\/calendario-451x365.png 451w, https:\/\/isc-rancagua.cl\/sc\/wp-content\/uploads\/2024\/07\/calendario.png 568w\" sizes=\"auto, (max-width: 451px) 100vw, 451px\" \/><\/a><\/td>\r\n<td style=\"width: 25%;\"><a href=\"https:\/\/calendar.google.com\/calendar\/embed?src=c_1b38a6c2a2a36888bf1bf752a9b93c7b10ed4bf5427ffae89f1b3b02e57af43f%40group.calendar.google.com&amp;ctz=America%2FSantiago\" target=\"_blank\" rel=\"noopener\"><img loading=\"lazy\" decoding=\"async\" class=\"alignnone size-medium wp-image-530\" src=\"https:\/\/isc-rancagua.cl\/sc\/wp-content\/uploads\/2024\/07\/calendario-451x365.png\" alt=\"\" width=\"451\" height=\"365\" srcset=\"https:\/\/isc-rancagua.cl\/sc\/wp-content\/uploads\/2024\/07\/calendario-451x365.png 451w, https:\/\/isc-rancagua.cl\/sc\/wp-content\/uploads\/2024\/07\/calendario.png 568w\" sizes=\"auto, (max-width: 451px) 100vw, 451px\" \/><\/a><\/td>\r\n<td style=\"width: 25%;\"><a href=\"https:\/\/calendar.google.com\/calendar\/embed?src=c_4bc55c5e29b14bc901d70540e2e0ba76325bf5fb55bcb7c0eb6303a37216bd33%40group.calendar.google.com&amp;ctz=America%2FSantiago\" target=\"_blank\" rel=\"noopener\"><img loading=\"lazy\" decoding=\"async\" class=\"alignnone size-medium wp-image-530\" src=\"https:\/\/isc-rancagua.cl\/sc\/wp-content\/uploads\/2024\/07\/calendario-451x365.png\" alt=\"\" width=\"451\" height=\"365\" srcset=\"https:\/\/isc-rancagua.cl\/sc\/wp-content\/uploads\/2024\/07\/calendario-451x365.png 451w, https:\/\/isc-rancagua.cl\/sc\/wp-content\/uploads\/2024\/07\/calendario.png 568w\" sizes=\"auto, (max-width: 451px) 100vw, 451px\" \/><\/a><\/td>\r\n<\/tr>\r\n<tr>\r\n<td style=\"width: 25%; text-align: center;\"><span style=\"color: #000080;\"><strong><span style=\"font-size: 10pt;\">Primero Medio<\/span><\/strong><\/span><\/td>\r\n<td style=\"width: 25%; text-align: center;\"><span style=\"color: #000080;\"><strong><span style=\"font-size: 10pt;\">Segundo Medio\u00a0<\/span><\/strong><\/span><\/td>\r\n<td style=\"width: 25%; text-align: center;\"><span style=\"color: #000080;\"><strong><span style=\"font-size: 10pt;\">Tercero Medio \u00abA\u00bb<\/span><\/strong><\/span><\/td>\r\n<td style=\"width: 25%; text-align: center;\"><span style=\"color: #000080;\"><strong><span style=\"font-size: 10pt;\">Tercero Medio \u00abB\u00bb<\/span><\/strong><\/span><\/td>\r\n<\/tr>\r\n<\/tbody>\r\n<\/table>\r\n<p>&nbsp;<\/p>\r\n<table style=\"border-collapse: collapse; width: 100%;\">\r\n<tbody>\r\n<tr>\r\n<td style=\"width: 25%;\"><a href=\"https:\/\/calendar.google.com\/calendar\/embed?src=c_678721d1f72cab5101ee8ff587a3566c05330354535bbfceb5d9c5d8d0eed8d8%40group.calendar.google.com&amp;ctz=America%2FSantiago\" target=\"_blank\" rel=\"noopener\"><img loading=\"lazy\" decoding=\"async\" class=\"alignnone size-medium wp-image-530\" src=\"https:\/\/isc-rancagua.cl\/sc\/wp-content\/uploads\/2024\/07\/calendario-451x365.png\" alt=\"\" width=\"451\" height=\"365\" srcset=\"https:\/\/isc-rancagua.cl\/sc\/wp-content\/uploads\/2024\/07\/calendario-451x365.png 451w, https:\/\/isc-rancagua.cl\/sc\/wp-content\/uploads\/2024\/07\/calendario.png 568w\" sizes=\"auto, (max-width: 451px) 100vw, 451px\" \/><\/a><\/td>\r\n<td style=\"width: 25%;\">\u00a0<\/td>\r\n<td style=\"width: 25%;\">\u00a0<\/td>\r\n<td style=\"width: 25%;\">\u00a0<\/td>\r\n<\/tr>\r\n<tr>\r\n<td style=\"width: 25%; text-align: center;\"><span style=\"color: #000080;\"><strong><span style=\"font-size: 10pt;\">Cuarto Medio<\/span><\/strong><\/span><\/td>\r\n<td style=\"width: 25%; text-align: center;\">\u00a0<\/td>\r\n<td style=\"width: 25%; text-align: center;\">\u00a0<\/td>\r\n<td style=\"width: 25%; text-align: center;\">\u00a0<\/td>\r\n<\/tr>\r\n<\/tbody>\r\n<\/table>","protected":false},"excerpt":{"rendered":"<p>Seleccione el nivel para ingresar al calendario de evaluaciones. ENSE\u00d1ANZA B\u00c1SICA Primero B\u00e1sico Segundo B\u00e1sico Tercero B\u00e1sico Cuarto B\u00e1sico &nbsp; Quinto B\u00e1sico Sexto B\u00e1sico S\u00e9ptimo B\u00e1sico Octavo B\u00e1sico &nbsp; ENSE\u00d1ANZA MEDIA Primero Medio Segundo Medio\u00a0 Tercero Medio \u00abA\u00bb Tercero Medio \u00abB\u00bb &nbsp; \u00a0 \u00a0 \u00a0 Cuarto Medio \u00a0 \u00a0 \u00a0<\/p>\n","protected":false},"author":1,"featured_media":0,"parent":0,"menu_order":0,"comment_status":"closed","ping_status":"closed","template":"","meta":{"_eb_attr":"","footnotes":""},"class_list":["post-517","page","type-page","status-publish","hentry"],"_links":{"self":[{"href":"https:\/\/isc-rancagua.cl\/sc\/wp-json\/wp\/v2\/pages\/517","targetHints":{"allow":["GET"]}}],"collection":[{"href":"https:\/\/isc-rancagua.cl\/sc\/wp-json\/wp\/v2\/pages"}],"about":[{"href":"https:\/\/isc-rancagua.cl\/sc\/wp-json\/wp\/v2\/types\/page"}],"author":[{"embeddable":true,"href":"https:\/\/isc-rancagua.cl\/sc\/wp-json\/wp\/v2\/users\/1"}],"replies":[{"embeddable":true,"href":"https:\/\/isc-rancagua.cl\/sc\/wp-json\/wp\/v2\/comments?post=517"}],"version-history":[{"count":18,"href":"https:\/\/isc-rancagua.cl\/sc\/wp-json\/wp\/v2\/pages\/517\/revisions"}],"predecessor-version":[{"id":1237,"href":"https:\/\/isc-rancagua.cl\/sc\/wp-json\/wp\/v2\/pages\/517\/revisions\/1237"}],"wp:attachment":[{"href":"https:\/\/isc-rancagua.cl\/sc\/wp-json\/wp\/v2\/media?parent=517"}],"curies":[{"name":"wp","href":"https:\/\/api.w.org\/{rel}","templated":true}]}}