{"id":51,"date":"2024-01-29T16:22:31","date_gmt":"2024-01-29T19:22:31","guid":{"rendered":"https:\/\/isc-rancagua.cl\/sc\/?page_id=51"},"modified":"2025-10-21T15:17:43","modified_gmt":"2025-10-21T18:17:43","slug":"auxiliar","status":"publish","type":"page","link":"https:\/\/isc-rancagua.cl\/sc\/auxiliar\/","title":{"rendered":"Auxiliar"},"content":{"rendered":"\r\n<table style=\"border-collapse: collapse; width: 90%; height: 281px;\">\r\n<tbody>\r\n<tr style=\"height: 155px;\">\r\n<td style=\"width: 20%; text-align: center; height: 10px;\"><img loading=\"lazy\" decoding=\"async\" class=\"alignnone size-full wp-image-1354\" src=\"https:\/\/isc-rancagua.cl\/sc\/wp-content\/uploads\/2025\/06\/Capa-37.png\" alt=\"\" width=\"150\" height=\"227\" \/><\/td>\r\n<td style=\"width: 20%; text-align: center; height: 10px;\"><img loading=\"lazy\" decoding=\"async\" class=\"alignnone size-full wp-image-1547\" src=\"https:\/\/isc-rancagua.cl\/sc\/wp-content\/uploads\/2025\/06\/funcionario_2_18.jpg\" alt=\"\" width=\"150\" height=\"227\" \/><\/td>\r\n<td style=\"width: 20%; text-align: center; height: 10px;\"><img loading=\"lazy\" decoding=\"async\" class=\"alignnone size-full wp-image-1355\" src=\"https:\/\/isc-rancagua.cl\/sc\/wp-content\/uploads\/2025\/06\/Capa-38.png\" alt=\"\" width=\"150\" height=\"227\" \/><\/td>\r\n<td style=\"width: 20%; text-align: center; height: 10px;\"><img loading=\"lazy\" decoding=\"async\" class=\"alignnone size-full wp-image-1357\" src=\"https:\/\/isc-rancagua.cl\/sc\/wp-content\/uploads\/2025\/06\/Capa-39.png\" alt=\"\" width=\"150\" height=\"227\" \/><\/td>\r\n<\/tr>\r\n<tr style=\"height: 46px;\">\r\n<td style=\"width: 20%; text-align: center; height: 46px;\"><b>Marta Fabiola<br \/>Gonz\u00e1lez Aguirre<\/b><\/td>\r\n<td style=\"width: 20%; text-align: center; height: 46px;\"><b>Celinda del Carmen Gonz\u00e1lez Aguirre<\/b><\/td>\r\n<td style=\"width: 20%; text-align: center; height: 46px;\"><b>Uberlindo del Carmen Ruz Morales<\/b><\/td>\r\n<td style=\"width: 20%; text-align: center; height: 46px;\"><b>Juan Carlos Fa\u00fandez Fa\u00fandez<\/b><\/td>\r\n<\/tr>\r\n<tr style=\"height: 11px;\">\r\n<td style=\"width: 20%; text-align: center; height: 11px;\"><span style=\"font-size: 10pt; color: #800000;\"><b>Auxiliar<br \/>Servicios Menores<\/b><\/span><\/td>\r\n<td style=\"width: 20%; text-align: center; height: 11px;\"><span style=\"color: #800000; font-size: 10pt;\"><strong>Auxiliar Porter\u00eda<\/strong><\/span><\/td>\r\n<td style=\"width: 20%; text-align: center; height: 11px;\"><span style=\"font-size: 10pt; color: #800000;\"><b>Auxiliar<br \/>Servicios Menores<\/b><\/span><\/td>\r\n<td style=\"width: 20%; text-align: center; height: 11px;\"><span style=\"font-size: 10pt; color: #800000;\"><b>Auxiliar<br \/>Servicios Menores<\/b><\/span><\/td>\r\n<\/tr>\r\n<tr style=\"height: 23px;\">\r\n<td style=\"width: 20%; text-align: center; height: 23px;\">\u00a0<\/td>\r\n<td style=\"width: 20%; text-align: center; height: 23px;\">\u00a0<\/td>\r\n<td style=\"width: 20%; text-align: center; height: 23px;\">\u00a0<\/td>\r\n<td style=\"width: 20%; text-align: center; height: 23px;\">\u00a0<\/td>\r\n<\/tr>\r\n<tr style=\"height: 155px;\">\r\n<td style=\"width: 20%; text-align: center; height: 14px;\"><img loading=\"lazy\" decoding=\"async\" class=\"alignnone size-full wp-image-1357\" src=\"https:\/\/isc-rancagua.cl\/sc\/wp-content\/uploads\/2025\/06\/Capa-39.png\" alt=\"\" width=\"150\" height=\"227\" \/><\/td>\r\n<td style=\"width: 20%; text-align: center; height: 14px;\"><img loading=\"lazy\" decoding=\"async\" class=\"alignnone size-full wp-image-1549\" src=\"https:\/\/isc-rancagua.cl\/sc\/wp-content\/uploads\/2025\/06\/funcionario_2_20.jpg\" alt=\"\" width=\"150\" height=\"227\" \/><\/td>\r\n<td style=\"width: 20%; text-align: center; height: 14px;\">\u00a0<\/td>\r\n<td style=\"width: 20%; text-align: center; height: 14px;\">\u00a0<\/td>\r\n<\/tr>\r\n<tr style=\"height: 46px;\">\r\n<td style=\"width: 20%; text-align: center; height: 10px;\"><b>Luis Armando Abarca Serrano<\/b><\/td>\r\n<td style=\"width: 20%; text-align: center; height: 10px;\"><b>Marcela Ver\u00f3nica Barra Iba\u00f1ez<\/b><\/td>\r\n<td style=\"width: 20%; text-align: center; height: 10px;\">\u00a0<\/td>\r\n<td style=\"width: 20%; text-align: center; height: 10px;\">\u00a0<\/td>\r\n<\/tr>\r\n<tr style=\"height: 23px;\">\r\n<td style=\"width: 20%; text-align: center; height: 23px;\"><span style=\"font-size: 10pt; color: #800000;\"><b>Auxiliar<br \/>Servicios Menores<\/b><\/span><\/td>\r\n<td style=\"width: 20%; text-align: center; height: 23px;\"><b style=\"color: #800000; font-size: 13.3333px;\">Auxiliar<br \/>Servicios Menores<\/b><\/td>\r\n<td style=\"width: 20%; text-align: center; height: 23px;\">\u00a0<\/td>\r\n<td style=\"width: 20%; text-align: center; height: 23px;\">\u00a0<\/td>\r\n<\/tr>\r\n<tr style=\"height: 24px;\">\r\n<td style=\"width: 20%; text-align: center; height: 24px;\">\u00a0<\/td>\r\n<td style=\"width: 20%; text-align: center; height: 24px;\">\u00a0<\/td>\r\n<td style=\"width: 20%; text-align: center; height: 24px;\">\u00a0<\/td>\r\n<td style=\"width: 20%; text-align: center; height: 24px;\">\u00a0<\/td>\r\n<\/tr>\r\n<\/tbody>\r\n<\/table>\r\n","protected":false},"excerpt":{"rendered":"<p>Marta FabiolaGonz\u00e1lez Aguirre Celinda del Carmen Gonz\u00e1lez Aguirre Uberlindo del Carmen Ruz Morales Juan Carlos Fa\u00fandez Fa\u00fandez AuxiliarServicios Menores Auxiliar Porter\u00eda AuxiliarServicios Menores AuxiliarServicios Menores \u00a0 \u00a0 \u00a0 \u00a0 \u00a0 \u00a0 Luis Armando Abarca Serrano Marcela Ver\u00f3nica Barra Iba\u00f1ez \u00a0 \u00a0 AuxiliarServicios Menores AuxiliarServicios Menores \u00a0 \u00a0 \u00a0 \u00a0 \u00a0 \u00a0<\/p>\n","protected":false},"author":1,"featured_media":0,"parent":0,"menu_order":0,"comment_status":"closed","ping_status":"closed","template":"","meta":{"_eb_attr":"","footnotes":""},"class_list":["post-51","page","type-page","status-publish","hentry"],"_links":{"self":[{"href":"https:\/\/isc-rancagua.cl\/sc\/wp-json\/wp\/v2\/pages\/51","targetHints":{"allow":["GET"]}}],"collection":[{"href":"https:\/\/isc-rancagua.cl\/sc\/wp-json\/wp\/v2\/pages"}],"about":[{"href":"https:\/\/isc-rancagua.cl\/sc\/wp-json\/wp\/v2\/types\/page"}],"author":[{"embeddable":true,"href":"https:\/\/isc-rancagua.cl\/sc\/wp-json\/wp\/v2\/users\/1"}],"replies":[{"embeddable":true,"href":"https:\/\/isc-rancagua.cl\/sc\/wp-json\/wp\/v2\/comments?post=51"}],"version-history":[{"count":11,"href":"https:\/\/isc-rancagua.cl\/sc\/wp-json\/wp\/v2\/pages\/51\/revisions"}],"predecessor-version":[{"id":2046,"href":"https:\/\/isc-rancagua.cl\/sc\/wp-json\/wp\/v2\/pages\/51\/revisions\/2046"}],"wp:attachment":[{"href":"https:\/\/isc-rancagua.cl\/sc\/wp-json\/wp\/v2\/media?parent=51"}],"curies":[{"name":"wp","href":"https:\/\/api.w.org\/{rel}","templated":true}]}}