{"id":49,"date":"2024-01-29T16:22:05","date_gmt":"2024-01-29T19:22:05","guid":{"rendered":"https:\/\/isc-rancagua.cl\/sc\/?page_id=49"},"modified":"2025-07-15T16:17:16","modified_gmt":"2025-07-15T20:17:16","slug":"paradocente","status":"publish","type":"page","link":"https:\/\/isc-rancagua.cl\/sc\/paradocente\/","title":{"rendered":"Paradocentes"},"content":{"rendered":"\r\n<table style=\"border-collapse: collapse; width: 90%; height: 285px;\">\r\n<tbody>\r\n<tr style=\"height: 155px;\">\r\n<td style=\"width: 20%; text-align: center; height: 155px;\"><img loading=\"lazy\" decoding=\"async\" class=\"alignnone size-full wp-image-1542\" src=\"https:\/\/isc-rancagua.cl\/sc\/wp-content\/uploads\/2025\/06\/funcionario_2_15.jpg\" alt=\"\" width=\"150\" height=\"227\" \/> \u00a0<\/td>\r\n<td style=\"width: 20%; text-align: center; height: 155px;\"><img loading=\"lazy\" decoding=\"async\" class=\"alignnone size-full wp-image-1346\" src=\"https:\/\/isc-rancagua.cl\/sc\/wp-content\/uploads\/2025\/06\/Capa-29.png\" alt=\"\" width=\"149\" height=\"224\" \/><\/td>\r\n<td style=\"width: 20%; text-align: center; height: 155px;\"><img loading=\"lazy\" decoding=\"async\" class=\"alignnone size-full wp-image-1543\" src=\"https:\/\/isc-rancagua.cl\/sc\/wp-content\/uploads\/2025\/06\/funcionario_2_16.jpg\" alt=\"\" width=\"150\" height=\"227\" \/><\/td>\r\n<td style=\"width: 20%; text-align: center; height: 155px;\"><img loading=\"lazy\" decoding=\"async\" class=\"alignnone size-full wp-image-1544\" src=\"https:\/\/isc-rancagua.cl\/sc\/wp-content\/uploads\/2025\/06\/funcionario_2_17.jpg\" alt=\"\" width=\"150\" height=\"227\" \/><\/td>\r\n<\/tr>\r\n<tr style=\"height: 23px;\">\r\n<td style=\"width: 20%; text-align: center; height: 23px;\"><b>Paz Alejandra Badilla Catal\u00e1n<\/b><\/td>\r\n<td style=\"width: 20%; text-align: center; height: 23px;\"><b>Nedy Elena Gonz\u00e1lez Cerda<\/b><\/td>\r\n<td style=\"width: 20%; text-align: center; height: 23px;\"><b>Daniela Carolina C. Pe\u00f1aloza Ram\u00edrez<\/b><\/td>\r\n<td style=\"width: 20%; text-align: center; height: 23px;\"><b>Lisset Carolina<br \/>Mu\u00f1oz P\u00e9rez<\/b><\/td>\r\n<\/tr>\r\n<tr style=\"height: 10px;\">\r\n<td style=\"width: 20%; height: 10px; text-align: center;\" valign=\"top\" width=\"11%\"><span style=\"font-size: 10pt; color: #800000;\"><b>Asistente de la<br>Educaci\u00f3n<\/b><\/span><\/td>\r\n<td style=\"width: 20%; text-align: center; height: 10px;\"><span style=\"font-size: 10pt; color: #800000;\"><b>Asistente de la<br>Educaci\u00f3n<\/b><\/span>\u00a0<\/td>\r\n<td style=\"width: 20%; height: 10px; text-align: center;\" valign=\"top\" width=\"38%\"><span style=\"font-size: 10pt; color: #800000;\"><b>Asistente de la<br>Educaci\u00f3n<\/b><\/span>\u00a0<\/td>\r\n<td style=\"width: 20%; text-align: center; height: 10px;\"><span style=\"font-size: 10pt; color: #800000;\"><b>Asistente de la<br>Educaci\u00f3n<\/b><\/span>\u00a0<\/td>\r\n<\/tr>\r\n<tr style=\"height: 23px;\">\r\n<td style=\"width: 20%; text-align: center; height: 10px;\">\u00a0<\/td>\r\n<td style=\"width: 20%; text-align: center; height: 10px;\">\u00a0<\/td>\r\n<td style=\"width: 20%; text-align: center; height: 10px;\">\u00a0<\/td>\r\n<td style=\"width: 20%; text-align: center; height: 10px;\">\u00a0<\/td>\r\n<\/tr>\r\n<tr style=\"height: 233px;\">\r\n<td style=\"width: 20%; text-align: center; height: 15px;\">\u00a0<\/td>\r\n<td style=\"width: 20%; text-align: center; height: 15px;\">\u00a0<\/td>\r\n<td style=\"width: 20%; text-align: center; height: 15px;\">\u00a0<\/td>\r\n<td style=\"width: 20%; text-align: center; height: 15px;\">\u00a0<\/td>\r\n<\/tr>\r\n<tr style=\"height: 24px;\">\r\n<td style=\"width: 20%; text-align: center; height: 24px;\">\u00a0<\/td>\r\n<td style=\"width: 20%; text-align: center; height: 24px;\">\u00a0<\/td>\r\n<td style=\"width: 20%; text-align: center; height: 24px;\">\u00a0<\/td>\r\n<td style=\"width: 20%; text-align: center; height: 24px;\">\u00a0<\/td>\r\n<\/tr>\r\n<tr style=\"height: 24px;\">\r\n<td style=\"width: 20%; text-align: center; height: 24px;\">\u00a0<\/td>\r\n<td style=\"width: 20%; text-align: center; height: 24px;\">\u00a0<\/td>\r\n<td style=\"width: 20%; text-align: center; height: 24px;\">\u00a0<\/td>\r\n<td style=\"width: 20%; text-align: center; height: 24px;\">\u00a0<\/td>\r\n<\/tr>\r\n<tr style=\"height: 24px;\">\r\n<td style=\"width: 20%; text-align: center; height: 24px;\">\u00a0<\/td>\r\n<td style=\"width: 20%; text-align: center; height: 24px;\">\u00a0<\/td>\r\n<td style=\"width: 20%; text-align: center; height: 24px;\">\u00a0<\/td>\r\n<td style=\"width: 20%; text-align: center; height: 24px;\">\u00a0<\/td>\r\n<\/tr>\r\n<\/tbody>\r\n<\/table>\r\n","protected":false},"excerpt":{"rendered":"<p>\u00a0 Paz Alejandra Badilla Catal\u00e1n Nedy Elena Gonz\u00e1lez Cerda Daniela Carolina C. Pe\u00f1aloza Ram\u00edrez Lisset CarolinaMu\u00f1oz P\u00e9rez Asistente de laEducaci\u00f3n Asistente de laEducaci\u00f3n\u00a0 Asistente de laEducaci\u00f3n\u00a0 Asistente de laEducaci\u00f3n\u00a0 \u00a0 \u00a0 \u00a0 \u00a0 \u00a0 \u00a0 \u00a0 \u00a0 \u00a0 \u00a0 \u00a0 \u00a0 \u00a0 \u00a0 \u00a0 \u00a0 \u00a0 \u00a0 \u00a0 \u00a0<\/p>\n","protected":false},"author":1,"featured_media":0,"parent":0,"menu_order":0,"comment_status":"closed","ping_status":"closed","template":"","meta":{"_eb_attr":"","footnotes":""},"class_list":["post-49","page","type-page","status-publish","hentry"],"_links":{"self":[{"href":"https:\/\/isc-rancagua.cl\/sc\/wp-json\/wp\/v2\/pages\/49","targetHints":{"allow":["GET"]}}],"collection":[{"href":"https:\/\/isc-rancagua.cl\/sc\/wp-json\/wp\/v2\/pages"}],"about":[{"href":"https:\/\/isc-rancagua.cl\/sc\/wp-json\/wp\/v2\/types\/page"}],"author":[{"embeddable":true,"href":"https:\/\/isc-rancagua.cl\/sc\/wp-json\/wp\/v2\/users\/1"}],"replies":[{"embeddable":true,"href":"https:\/\/isc-rancagua.cl\/sc\/wp-json\/wp\/v2\/comments?post=49"}],"version-history":[{"count":12,"href":"https:\/\/isc-rancagua.cl\/sc\/wp-json\/wp\/v2\/pages\/49\/revisions"}],"predecessor-version":[{"id":1616,"href":"https:\/\/isc-rancagua.cl\/sc\/wp-json\/wp\/v2\/pages\/49\/revisions\/1616"}],"wp:attachment":[{"href":"https:\/\/isc-rancagua.cl\/sc\/wp-json\/wp\/v2\/media?parent=49"}],"curies":[{"name":"wp","href":"https:\/\/api.w.org\/{rel}","templated":true}]}}