{"id":47,"date":"2024-01-29T16:21:47","date_gmt":"2024-01-29T19:21:47","guid":{"rendered":"https:\/\/isc-rancagua.cl\/sc\/?page_id=47"},"modified":"2026-04-23T17:12:09","modified_gmt":"2026-04-23T21:12:09","slug":"administrativo","status":"publish","type":"page","link":"https:\/\/isc-rancagua.cl\/sc\/administrativo\/","title":{"rendered":"Administrativos"},"content":{"rendered":"\r\n<table style=\"border-collapse: collapse; width: 90%; height: 216px;\">\r\n<tbody>\r\n<tr style=\"height: 24px;\">\r\n<td style=\"width: 20%; text-align: center; height: 24px;\"><img loading=\"lazy\" decoding=\"async\" class=\"alignnone size-full wp-image-1347\" src=\"https:\/\/isc-rancagua.cl\/sc\/wp-content\/uploads\/2025\/06\/Capa-30.png\" alt=\"\" width=\"150\" height=\"227\" \/><\/td>\r\n<td style=\"width: 20%; text-align: center; height: 24px;\"><img loading=\"lazy\" decoding=\"async\" class=\"alignnone size-full wp-image-1348\" src=\"https:\/\/isc-rancagua.cl\/sc\/wp-content\/uploads\/2025\/06\/Capa-31.png\" alt=\"\" width=\"150\" height=\"227\" \/><\/td>\r\n<td style=\"width: 20%; text-align: center; height: 24px;\"><img loading=\"lazy\" decoding=\"async\" class=\"alignnone size-full wp-image-1349\" src=\"https:\/\/isc-rancagua.cl\/sc\/wp-content\/uploads\/2025\/06\/Capa-32.png\" alt=\"\" width=\"150\" height=\"226\" \/><\/td>\r\n<td style=\"width: 20%; text-align: center; height: 24px;\"><img loading=\"lazy\" decoding=\"async\" class=\"alignnone size-full wp-image-1350\" src=\"https:\/\/isc-rancagua.cl\/sc\/wp-content\/uploads\/2025\/06\/Capa-33.png\" alt=\"\" width=\"150\" height=\"227\" \/><\/td>\r\n<\/tr>\r\n<tr style=\"height: 48px;\">\r\n<td style=\"width: 20%; text-align: center; height: 48px;\"><b>Daniela Luc\u00eda<br \/>Espejo Leiva<\/b><\/td>\r\n<td style=\"width: 20%; text-align: center; height: 48px;\"><b>Mar\u00eda Isabel<br \/>Cordero Miranda<\/b><\/td>\r\n<td style=\"width: 20%; text-align: center; height: 48px;\"><b>Claudia Paulina Droguett N\u00fa\u00f1ez<\/b><\/td>\r\n<td style=\"width: 20%; text-align: center; height: 48px;\"><b>Elsa Aida Ya\u00f1ez L\u00f3pez<\/b><\/td>\r\n<\/tr>\r\n<tr style=\"height: 24px;\">\r\n<td style=\"width: 20%; text-align: center; height: 24px;\"><span style=\"color: #800000;\"><strong><span style=\"font-size: 10pt;\">Directora<\/span><\/strong><\/span><\/td>\r\n<td style=\"width: 20%; text-align: center; height: 24px;\" valign=\"top\" width=\"21%\"><span style=\"color: #800000;\"><span style=\"font-size: 13.3333px;\"><b>Orientadora<\/b><\/span><\/span><\/td>\r\n<td style=\"width: 20%; text-align: center; height: 24px;\"><span style=\"color: #800000;\"><strong><span style=\"font-size: 10pt;\">Representante Sostenedor<\/span><\/strong><\/span><\/td>\r\n<td style=\"width: 20%; text-align: center; height: 24px;\"><span style=\"color: #800000;\"><span style=\"font-size: 13.3333px;\"><b>Secretar\u00eda<\/b><\/span><\/span><\/td>\r\n<\/tr>\r\n<tr style=\"height: 24px;\">\r\n<td style=\"width: 20%; text-align: center; height: 24px;\">\u00a0<\/td>\r\n<td style=\"width: 20%; text-align: center; height: 24px;\">\u00a0<\/td>\r\n<td style=\"width: 20%; text-align: center; height: 24px;\">\u00a0<\/td>\r\n<td style=\"width: 20%; text-align: center; height: 24px;\">\u00a0<\/td>\r\n<\/tr>\r\n<tr style=\"height: 24px;\">\r\n<td style=\"width: 20%; text-align: center; height: 24px;\"><img loading=\"lazy\" decoding=\"async\" class=\"alignnone size-full wp-image-1351\" src=\"https:\/\/isc-rancagua.cl\/sc\/wp-content\/uploads\/2025\/06\/Capa-34.png\" alt=\"\" width=\"150\" height=\"227\" \/><\/td>\r\n<td style=\"width: 20%; text-align: center; height: 24px;\"><img loading=\"lazy\" decoding=\"async\" class=\"alignnone size-full wp-image-2399\" src=\"https:\/\/isc-rancagua.cl\/sc\/wp-content\/uploads\/2026\/04\/2026_0056.jpg\" alt=\"\" width=\"150\" height=\"227\" \/><\/td>\r\n<td style=\"width: 20%; text-align: center; height: 24px;\"><img loading=\"lazy\" decoding=\"async\" class=\"alignnone size-full wp-image-1353\" src=\"https:\/\/isc-rancagua.cl\/sc\/wp-content\/uploads\/2025\/06\/Capa-36.png\" alt=\"\" width=\"150\" height=\"227\" \/><\/td>\r\n<td style=\"width: 20%; text-align: center; height: 24px;\">\u00a0<\/td>\r\n<\/tr>\r\n<tr style=\"height: 48px;\">\r\n<td style=\"width: 20%; text-align: center; height: 48px;\"><strong>Mar\u00eda Ignacia<\/strong><br \/><strong>Gonz\u00e1lez Droguett<\/strong>\u00a0<\/td>\r\n<td style=\"width: 20%; text-align: center; height: 48px;\"><strong>Agust\u00edn Antonio Medina Bravo<\/strong><\/td>\r\n<td style=\"width: 20%; text-align: center; height: 48px;\"><b>Dania Catalina Zamorano Rodr\u00edguez<\/b><\/td>\r\n<td style=\"width: 20%; text-align: center; height: 48px;\">\u00a0<\/td>\r\n<\/tr>\r\n<tr style=\"height: 24px;\">\r\n<td style=\"width: 20%; text-align: center; height: 24px;\"><span style=\"color: #800000;\"><strong><span style=\"font-size: 10pt;\">Contadora<\/span><\/strong><\/span><\/td>\r\n<td style=\"width: 20%; text-align: center; height: 24px;\" valign=\"top\" width=\"38%\"><span style=\"font-size: 10pt; color: #800000;\"><strong>Soporte TI<\/strong><\/span><\/td>\r\n<td style=\"width: 20%; text-align: center; height: 24px;\"><span style=\"font-size: 10pt; color: #800000;\"><strong>Redes Sociales<\/strong><\/span><\/td>\r\n<td style=\"width: 20%; height: 24px; text-align: center;\" valign=\"top\" width=\"11%\">\u00a0<\/td>\r\n<\/tr>\r\n<\/tbody>\r\n<\/table>\r\n","protected":false},"excerpt":{"rendered":"<p>Daniela Luc\u00edaEspejo Leiva Mar\u00eda IsabelCordero Miranda Claudia Paulina Droguett N\u00fa\u00f1ez Elsa Aida Ya\u00f1ez L\u00f3pez Directora Orientadora Representante Sostenedor Secretar\u00eda \u00a0 \u00a0 \u00a0 \u00a0 \u00a0 Mar\u00eda IgnaciaGonz\u00e1lez Droguett\u00a0 Agust\u00edn Antonio Medina Bravo Dania Catalina Zamorano Rodr\u00edguez \u00a0 Contadora Soporte TI Redes Sociales \u00a0<\/p>\n","protected":false},"author":1,"featured_media":0,"parent":0,"menu_order":0,"comment_status":"closed","ping_status":"closed","template":"","meta":{"_eb_attr":"","footnotes":""},"class_list":["post-47","page","type-page","status-publish","hentry"],"_links":{"self":[{"href":"https:\/\/isc-rancagua.cl\/sc\/wp-json\/wp\/v2\/pages\/47","targetHints":{"allow":["GET"]}}],"collection":[{"href":"https:\/\/isc-rancagua.cl\/sc\/wp-json\/wp\/v2\/pages"}],"about":[{"href":"https:\/\/isc-rancagua.cl\/sc\/wp-json\/wp\/v2\/types\/page"}],"author":[{"embeddable":true,"href":"https:\/\/isc-rancagua.cl\/sc\/wp-json\/wp\/v2\/users\/1"}],"replies":[{"embeddable":true,"href":"https:\/\/isc-rancagua.cl\/sc\/wp-json\/wp\/v2\/comments?post=47"}],"version-history":[{"count":16,"href":"https:\/\/isc-rancagua.cl\/sc\/wp-json\/wp\/v2\/pages\/47\/revisions"}],"predecessor-version":[{"id":2400,"href":"https:\/\/isc-rancagua.cl\/sc\/wp-json\/wp\/v2\/pages\/47\/revisions\/2400"}],"wp:attachment":[{"href":"https:\/\/isc-rancagua.cl\/sc\/wp-json\/wp\/v2\/media?parent=47"}],"curies":[{"name":"wp","href":"https:\/\/api.w.org\/{rel}","templated":true}]}}