{"id":41,"date":"2024-01-29T16:20:29","date_gmt":"2024-01-29T19:20:29","guid":{"rendered":"https:\/\/isc-rancagua.cl\/sc\/?page_id=41"},"modified":"2025-07-15T16:09:41","modified_gmt":"2025-07-15T20:09:41","slug":"educacion-fisica","status":"publish","type":"page","link":"https:\/\/isc-rancagua.cl\/sc\/educacion-fisica\/","title":{"rendered":"Educaci\u00f3n F\u00edsica"},"content":{"rendered":"\r\n<table style=\"border-collapse: collapse; width: 90%; height: 306px;\">\r\n<tbody>\r\n<tr style=\"height: 234px;\">\r\n<td style=\"width: 20%; text-align: center; height: 234px;\"><img loading=\"lazy\" decoding=\"async\" class=\"alignnone size-full wp-image-1332\" src=\"https:\/\/isc-rancagua.cl\/sc\/wp-content\/uploads\/2025\/06\/Capa-15.png\" alt=\"\" width=\"150\" height=\"227\" \/><\/td>\r\n<td style=\"width: 20%; text-align: center; height: 234px;\"><img loading=\"lazy\" decoding=\"async\" class=\"alignnone size-full wp-image-1526\" src=\"https:\/\/isc-rancagua.cl\/sc\/wp-content\/uploads\/2025\/06\/funcionario_2_6.jpg\" alt=\"\" width=\"150\" height=\"227\" \/><\/td>\r\n<td style=\"width: 20%; text-align: center; height: 234px;\">\u00a0<\/td>\r\n<td style=\"width: 20%; text-align: center; height: 234px;\">\u00a0<\/td>\r\n<\/tr>\r\n<tr style=\"height: 48px;\">\r\n<td style=\"width: 20%; text-align: center; height: 48px;\"><strong>Alejandra Isabel Toledo Vidal<\/strong><\/td>\r\n<td style=\"width: 20%; text-align: center; height: 48px;\"><strong>Roc\u00edo Elena Becerra Olgu\u00edn<\/strong><\/td>\r\n<td style=\"width: 20%; text-align: center; height: 48px;\">\u00a0<\/td>\r\n<td style=\"width: 20%; text-align: center; height: 48px;\">\u00a0<\/td>\r\n<\/tr>\r\n<tr style=\"height: 24px;\">\r\n<td style=\"width: 20%; text-align: center; height: 24px;\"><span style=\"color: #800000;\"><strong>Educaci\u00f3n F\u00edsica<\/strong><\/span><\/td>\r\n<td style=\"width: 20%; text-align: center; height: 24px;\"><span style=\"color: #800000;\"><strong>Educaci\u00f3n F\u00edsica<\/strong><\/span><\/td>\r\n<td style=\"width: 20%; text-align: center; height: 24px;\">\u00a0<\/td>\r\n<td style=\"width: 20%; text-align: center; height: 24px;\">\u00a0<\/td>\r\n<\/tr>\r\n<\/tbody>\r\n<\/table>\r\n","protected":false},"excerpt":{"rendered":"<p>\u00a0 \u00a0 Alejandra Isabel Toledo Vidal Roc\u00edo Elena Becerra Olgu\u00edn \u00a0 \u00a0 Educaci\u00f3n F\u00edsica Educaci\u00f3n F\u00edsica \u00a0 \u00a0<\/p>\n","protected":false},"author":1,"featured_media":0,"parent":0,"menu_order":0,"comment_status":"closed","ping_status":"closed","template":"","meta":{"_eb_attr":"","footnotes":""},"class_list":["post-41","page","type-page","status-publish","hentry"],"_links":{"self":[{"href":"https:\/\/isc-rancagua.cl\/sc\/wp-json\/wp\/v2\/pages\/41","targetHints":{"allow":["GET"]}}],"collection":[{"href":"https:\/\/isc-rancagua.cl\/sc\/wp-json\/wp\/v2\/pages"}],"about":[{"href":"https:\/\/isc-rancagua.cl\/sc\/wp-json\/wp\/v2\/types\/page"}],"author":[{"embeddable":true,"href":"https:\/\/isc-rancagua.cl\/sc\/wp-json\/wp\/v2\/users\/1"}],"replies":[{"embeddable":true,"href":"https:\/\/isc-rancagua.cl\/sc\/wp-json\/wp\/v2\/comments?post=41"}],"version-history":[{"count":6,"href":"https:\/\/isc-rancagua.cl\/sc\/wp-json\/wp\/v2\/pages\/41\/revisions"}],"predecessor-version":[{"id":1606,"href":"https:\/\/isc-rancagua.cl\/sc\/wp-json\/wp\/v2\/pages\/41\/revisions\/1606"}],"wp:attachment":[{"href":"https:\/\/isc-rancagua.cl\/sc\/wp-json\/wp\/v2\/media?parent=41"}],"curies":[{"name":"wp","href":"https:\/\/api.w.org\/{rel}","templated":true}]}}