{"id":39,"date":"2024-01-29T16:20:05","date_gmt":"2024-01-29T19:20:05","guid":{"rendered":"https:\/\/isc-rancagua.cl\/sc\/?page_id=39"},"modified":"2025-07-15T16:10:58","modified_gmt":"2025-07-15T20:10:58","slug":"humanista","status":"publish","type":"page","link":"https:\/\/isc-rancagua.cl\/sc\/humanista\/","title":{"rendered":"Humanista"},"content":{"rendered":"\r\n<table style=\"border-collapse: collapse; width: 90%; height: 231px;\">\r\n<tbody>\r\n<tr style=\"height: 156px;\">\r\n<td style=\"width: 20%; text-align: center; height: 156px;\"><img loading=\"lazy\" decoding=\"async\" class=\"alignnone size-full wp-image-1325\" src=\"https:\/\/isc-rancagua.cl\/sc\/wp-content\/uploads\/2025\/06\/Capa-8.png\" alt=\"\" width=\"150\" height=\"227\" \/><\/td>\r\n<td style=\"width: 20%; text-align: center; height: 156px;\"><img loading=\"lazy\" decoding=\"async\" class=\"alignnone size-full wp-image-1322\" src=\"https:\/\/isc-rancagua.cl\/sc\/wp-content\/uploads\/2025\/06\/Capa-5.png\" alt=\"\" width=\"150\" height=\"227\" \/><\/td>\r\n<td style=\"width: 20%; text-align: center; height: 156px;\"><img loading=\"lazy\" decoding=\"async\" class=\"alignnone size-full wp-image-1321\" src=\"https:\/\/isc-rancagua.cl\/sc\/wp-content\/uploads\/2025\/06\/Capa-4.png\" alt=\"\" width=\"150\" height=\"227\" \/>\u00a0<\/td>\r\n<td style=\"width: 20%; text-align: center; height: 156px;\"><img loading=\"lazy\" decoding=\"async\" class=\"alignnone size-full wp-image-1356\" src=\"https:\/\/isc-rancagua.cl\/sc\/wp-content\/uploads\/2025\/06\/Capa-39-copia.png\" alt=\"\" width=\"150\" height=\"227\" \/><\/td>\r\n<\/tr>\r\n<tr style=\"height: 48px;\">\r\n<td style=\"width: 20%; text-align: center; height: 48px;\"><strong>Nicol\u00e1s Andr\u00e9s<\/strong><br \/><strong>Contreras Gonz\u00e1lez<\/strong><\/td>\r\n<td style=\"width: 20%; text-align: center; height: 48px;\"><b>Karina Beatriz Droguett L\u00f3pez<\/b><\/td>\r\n<td style=\"width: 20%; text-align: center; height: 48px;\"><b>Daniel Patricio Salas Delgado<\/b><\/td>\r\n<td style=\"width: 20%; text-align: center; height: 48px;\"><b>Elizabeth Alejandra M. Cerca Moyano<\/b><\/td>\r\n<\/tr>\r\n<tr style=\"height: 27px;\">\r\n<td style=\"width: 20%; height: 27px;\" valign=\"top\" width=\"25%\">\r\n<table border=\"0\" width=\"100%\" cellspacing=\"0\" cellpadding=\"0\">\r\n<tbody>\r\n<tr>\r\n<td class=\"Normal\">\r\n<div align=\"center\"><strong><span style=\"font-size: 10pt; color: #800000;\">Historia<\/span><\/strong><\/div>\r\n<\/td>\r\n<\/tr>\r\n<\/tbody>\r\n<\/table>\r\n<\/td>\r\n<td style=\"width: 20%; text-align: center; height: 27px;\"><strong><span style=\"font-size: 10pt; color: #800000;\">Historia<\/span><\/strong><\/td>\r\n<td style=\"width: 20%; text-align: center; height: 27px;\"><strong><span style=\"font-size: 10pt; color: #800000;\">Lenguaje<\/span><\/strong><\/td>\r\n<td style=\"width: 20%; text-align: center; height: 27px;\"><span style=\"color: #800000;\"><span style=\"font-size: 13.3333px;\"><b>Lenguaje<\/b><\/span><\/span><\/td>\r\n<\/tr>\r\n<tr>\r\n<td style=\"width: 20%;\">\r\n<div align=\"center\"><strong><span style=\"font-size: 10pt; color: #800000;\">\u00a0<\/span><\/strong><\/div>\r\n<\/td>\r\n<td style=\"width: 20%; text-align: center;\"><strong><span style=\"font-size: 10pt; color: #800000;\">\u00a0<\/span><\/strong><\/td>\r\n<td style=\"width: 20%; text-align: center;\"><strong><span style=\"font-size: 10pt; color: #800000;\">\u00a0<\/span><\/strong><\/td>\r\n<td style=\"width: 20%; text-align: center;\"><strong><span style=\"font-size: 10pt; color: #800000;\">\u00a0<\/span><\/strong><\/td>\r\n<\/tr>\r\n<tr>\r\n<td style=\"width: 20%;\">\r\n<div align=\"center\"><strong><span style=\"font-size: 10pt; color: #800000;\"><img loading=\"lazy\" decoding=\"async\" class=\"alignnone size-full wp-image-1326\" src=\"https:\/\/isc-rancagua.cl\/sc\/wp-content\/uploads\/2025\/06\/Capa-9.png\" alt=\"\" width=\"150\" height=\"227\" \/><\/span><\/strong><\/div>\r\n<\/td>\r\n<td style=\"width: 20%; text-align: center;\"><strong><span style=\"font-size: 10pt; color: #800000;\">\u00a0<\/span><\/strong><\/td>\r\n<td style=\"width: 20%; text-align: center;\"><strong><span style=\"font-size: 10pt; color: #800000;\">\u00a0<\/span><\/strong><\/td>\r\n<td style=\"width: 20%; text-align: center;\"><strong><span style=\"font-size: 10pt; color: #800000;\">\u00a0<\/span><\/strong><\/td>\r\n<\/tr>\r\n<tr>\r\n<td style=\"width: 20%;\">\r\n<div align=\"center\"><b>Ana Alicia Moyano<\/b><\/div>\r\n<\/td>\r\n<td style=\"width: 20%; text-align: center;\"><strong><span style=\"font-size: 10pt; color: #800000;\">\u00a0<\/span><\/strong><\/td>\r\n<td style=\"width: 20%; text-align: center;\"><strong><span style=\"font-size: 10pt; color: #800000;\">\u00a0<\/span><\/strong><\/td>\r\n<td style=\"width: 20%; text-align: center;\"><strong><span style=\"font-size: 10pt; color: #800000;\">\u00a0<\/span><\/strong><\/td>\r\n<\/tr>\r\n<tr>\r\n<td style=\"width: 20%;\">\r\n<div align=\"center\"><strong><span style=\"font-size: 10pt; color: #800000;\">Filosof\u00eda<\/span><\/strong><\/div>\r\n<\/td>\r\n<td style=\"width: 20%; text-align: center;\"><strong><span style=\"font-size: 10pt; color: #800000;\">\u00a0<\/span><\/strong><\/td>\r\n<td style=\"width: 20%; text-align: center;\"><strong><span style=\"font-size: 10pt; color: #800000;\">\u00a0<\/span><\/strong><\/td>\r\n<td style=\"width: 20%; text-align: center;\"><strong><span style=\"font-size: 10pt; color: #800000;\">\u00a0<\/span><\/strong><\/td>\r\n<\/tr>\r\n<\/tbody>\r\n<\/table>\r\n","protected":false},"excerpt":{"rendered":"<p>\u00a0 Nicol\u00e1s Andr\u00e9sContreras Gonz\u00e1lez Karina Beatriz Droguett L\u00f3pez Daniel Patricio Salas Delgado Elizabeth Alejandra M. Cerca Moyano Historia Historia Lenguaje Lenguaje \u00a0 \u00a0 \u00a0 \u00a0 \u00a0 \u00a0 \u00a0 Ana Alicia Moyano \u00a0 \u00a0 \u00a0 Filosof\u00eda \u00a0 \u00a0 \u00a0<\/p>\n","protected":false},"author":1,"featured_media":0,"parent":0,"menu_order":0,"comment_status":"closed","ping_status":"closed","template":"","meta":{"_eb_attr":"","footnotes":""},"class_list":["post-39","page","type-page","status-publish","hentry"],"_links":{"self":[{"href":"https:\/\/isc-rancagua.cl\/sc\/wp-json\/wp\/v2\/pages\/39","targetHints":{"allow":["GET"]}}],"collection":[{"href":"https:\/\/isc-rancagua.cl\/sc\/wp-json\/wp\/v2\/pages"}],"about":[{"href":"https:\/\/isc-rancagua.cl\/sc\/wp-json\/wp\/v2\/types\/page"}],"author":[{"embeddable":true,"href":"https:\/\/isc-rancagua.cl\/sc\/wp-json\/wp\/v2\/users\/1"}],"replies":[{"embeddable":true,"href":"https:\/\/isc-rancagua.cl\/sc\/wp-json\/wp\/v2\/comments?post=39"}],"version-history":[{"count":7,"href":"https:\/\/isc-rancagua.cl\/sc\/wp-json\/wp\/v2\/pages\/39\/revisions"}],"predecessor-version":[{"id":1608,"href":"https:\/\/isc-rancagua.cl\/sc\/wp-json\/wp\/v2\/pages\/39\/revisions\/1608"}],"wp:attachment":[{"href":"https:\/\/isc-rancagua.cl\/sc\/wp-json\/wp\/v2\/media?parent=39"}],"curies":[{"name":"wp","href":"https:\/\/api.w.org\/{rel}","templated":true}]}}