{"id":37,"date":"2024-01-29T16:19:51","date_gmt":"2024-01-29T19:19:51","guid":{"rendered":"https:\/\/isc-rancagua.cl\/sc\/?page_id=37"},"modified":"2025-06-16T17:07:07","modified_gmt":"2025-06-16T21:07:07","slug":"artes","status":"publish","type":"page","link":"https:\/\/isc-rancagua.cl\/sc\/artes\/","title":{"rendered":"Artes"},"content":{"rendered":"\r\n<table style=\"border-collapse: collapse; width: 90%;\">\r\n<tbody>\r\n<tr>\r\n<td style=\"width: 20%; text-align: center;\"><img loading=\"lazy\" decoding=\"async\" class=\"alignnone size-full wp-image-1331\" src=\"https:\/\/isc-rancagua.cl\/sc\/wp-content\/uploads\/2025\/06\/Capa-14.png\" alt=\"\" width=\"150\" height=\"227\" \/><\/td>\r\n<td style=\"width: 20%; text-align: center;\"><img loading=\"lazy\" decoding=\"async\" class=\"alignnone size-full wp-image-1531\" src=\"https:\/\/isc-rancagua.cl\/sc\/wp-content\/uploads\/2025\/06\/funcionario_2_8.jpg\" alt=\"\" width=\"150\" height=\"227\" \/><\/td>\r\n<td style=\"width: 20%; text-align: center;\"><img loading=\"lazy\" decoding=\"async\" class=\"alignnone size-full wp-image-1356\" src=\"https:\/\/isc-rancagua.cl\/sc\/wp-content\/uploads\/2025\/06\/Capa-39-copia.png\" alt=\"\" width=\"150\" height=\"227\" \/><\/td>\r\n<td style=\"width: 20%; text-align: center;\"><img loading=\"lazy\" decoding=\"async\" class=\"alignnone size-full wp-image-1532\" src=\"https:\/\/isc-rancagua.cl\/sc\/wp-content\/uploads\/2025\/06\/funcionario_2_9.jpg\" alt=\"\" width=\"150\" height=\"227\" \/><\/td>\r\n<\/tr>\r\n<tr>\r\n<td style=\"width: 20%; text-align: center;\"><b>Diego Esteban Saavedra S\u00e1nchez<\/b><\/td>\r\n<td style=\"width: 20%; text-align: center;\"><b>Claudia Loreto Zamorano Aceit\u00f3n<\/b><\/td>\r\n<td style=\"width: 20%; text-align: center;\"><b>Maira Noemi D\u00edaz Arriagada<\/b><\/td>\r\n<td style=\"width: 20%; text-align: center;\"><strong>Mat\u00edas Ignacio<br \/>Abarca Ubilla<\/strong><\/td>\r\n<\/tr>\r\n<tr>\r\n<td style=\"width: 20%; text-align: center;\" valign=\"top\" width=\"25%\"><strong><span style=\"font-size: 10pt; color: #800000;\">M\u00fasica<\/span><\/strong><\/td>\r\n<td style=\"width: 20%; text-align: center;\"><strong><span style=\"font-size: 10pt; color: #800000;\">M\u00fasica<\/span><\/strong><\/td>\r\n<td style=\"width: 20%; text-align: center;\"><strong><span style=\"font-size: 10pt; color: #800000;\">Tecnolog\u00eda<\/span><\/strong><\/td>\r\n<td style=\"width: 20%; text-align: center;\"><span style=\"color: #800000;\"><strong><span style=\"font-size: 10pt;\">M\u00fasica<\/span><\/strong><\/span><\/td>\r\n<\/tr>\r\n<\/tbody>\r\n<\/table>\r\n<p><strong><span style=\"font-size: 10pt;\"><\/span><\/strong><\/p>","protected":false},"excerpt":{"rendered":"<p>Diego Esteban Saavedra S\u00e1nchez Claudia Loreto Zamorano Aceit\u00f3n Maira Noemi D\u00edaz Arriagada Mat\u00edas IgnacioAbarca Ubilla M\u00fasica M\u00fasica Tecnolog\u00eda M\u00fasica<\/p>\n","protected":false},"author":1,"featured_media":0,"parent":0,"menu_order":0,"comment_status":"closed","ping_status":"closed","template":"","meta":{"_eb_attr":"","footnotes":""},"class_list":["post-37","page","type-page","status-publish","hentry"],"_links":{"self":[{"href":"https:\/\/isc-rancagua.cl\/sc\/wp-json\/wp\/v2\/pages\/37","targetHints":{"allow":["GET"]}}],"collection":[{"href":"https:\/\/isc-rancagua.cl\/sc\/wp-json\/wp\/v2\/pages"}],"about":[{"href":"https:\/\/isc-rancagua.cl\/sc\/wp-json\/wp\/v2\/types\/page"}],"author":[{"embeddable":true,"href":"https:\/\/isc-rancagua.cl\/sc\/wp-json\/wp\/v2\/users\/1"}],"replies":[{"embeddable":true,"href":"https:\/\/isc-rancagua.cl\/sc\/wp-json\/wp\/v2\/comments?post=37"}],"version-history":[{"count":8,"href":"https:\/\/isc-rancagua.cl\/sc\/wp-json\/wp\/v2\/pages\/37\/revisions"}],"predecessor-version":[{"id":1533,"href":"https:\/\/isc-rancagua.cl\/sc\/wp-json\/wp\/v2\/pages\/37\/revisions\/1533"}],"wp:attachment":[{"href":"https:\/\/isc-rancagua.cl\/sc\/wp-json\/wp\/v2\/media?parent=37"}],"curies":[{"name":"wp","href":"https:\/\/api.w.org\/{rel}","templated":true}]}}