{"id":34,"date":"2024-01-29T16:19:10","date_gmt":"2024-01-29T19:19:10","guid":{"rendered":"https:\/\/isc-rancagua.cl\/sc\/?page_id=34"},"modified":"2025-07-15T16:10:16","modified_gmt":"2025-07-15T20:10:16","slug":"ciencias","status":"publish","type":"page","link":"https:\/\/isc-rancagua.cl\/sc\/ciencias\/","title":{"rendered":"Ciencias"},"content":{"rendered":"\r\n<table style=\"border-collapse: collapse; width: 90%; height: 256px;\">\r\n<tbody>\r\n<tr style=\"height: 155px;\">\r\n<td style=\"width: 20%; text-align: center; height: 155px;\"><img loading=\"lazy\" decoding=\"async\" class=\"alignnone size-full wp-image-1323\" src=\"https:\/\/isc-rancagua.cl\/sc\/wp-content\/uploads\/2025\/06\/Capa-6.png\" alt=\"\" width=\"150\" height=\"227\" \/><\/td>\r\n<td style=\"width: 20%; text-align: center; height: 155px;\"><img loading=\"lazy\" decoding=\"async\" class=\"alignnone size-full wp-image-1529\" src=\"https:\/\/isc-rancagua.cl\/sc\/wp-content\/uploads\/2025\/06\/funcionario_2_7.jpg\" alt=\"\" width=\"150\" height=\"227\" \/><\/td>\r\n<td style=\"width: 20%; text-align: center; height: 155px;\"><img loading=\"lazy\" decoding=\"async\" class=\"alignnone size-full wp-image-1523\" src=\"https:\/\/isc-rancagua.cl\/sc\/wp-content\/uploads\/2025\/06\/funcionario_2_4.jpg\" alt=\"\" width=\"150\" height=\"227\" \/><\/td>\r\n<td style=\"width: 20%; text-align: center; height: 155px;\"><img loading=\"lazy\" decoding=\"async\" class=\"alignnone size-full wp-image-1324\" src=\"https:\/\/isc-rancagua.cl\/sc\/wp-content\/uploads\/2025\/06\/Capa-7.png\" alt=\"\" width=\"150\" height=\"227\" \/><\/td>\r\n<\/tr>\r\n<tr style=\"height: 70px;\">\r\n<td style=\"width: 20%; text-align: center; height: 70px;\"><b>Camilo Adolfo Hern\u00e1ndez Romero<\/b><\/td>\r\n<td style=\"width: 20%; text-align: center; height: 70px;\"><b>Flor\u00e1ngel Andrea Castillo Rocha<\/b><\/td>\r\n<td style=\"width: 20%; text-align: center; height: 70px;\"><b>Mar\u00eda Consuelo Bustamante Zamorano<\/b><\/td>\r\n<td style=\"width: 20%; text-align: center; height: 70px;\"><strong>Rocio Solange<\/strong><br \/><strong>Fuenzalida D\u00edaz<\/strong><\/td>\r\n<\/tr>\r\n<tr style=\"height: 31px;\">\r\n<td style=\"width: 20%; text-align: center; height: 31px;\"><span style=\"color: #800000;\"><strong><span style=\"font-size: 10pt;\">Biolog\u00eda<\/span><\/strong><\/span><\/td>\r\n<td style=\"width: 20%; text-align: center; height: 31px;\">\r\n<div align=\"center\">\r\n<table id=\"tabla-napsis-default\" border=\"0\" width=\"100%\" cellspacing=\"1\" cellpadding=\"1\" align=\"center\">\r\n<tbody>\r\n<tr>\r\n<td align=\"left\">\r\n<div align=\"center\"><span style=\"color: #800000;\"><strong><span style=\"font-size: 10pt;\">Biolog\u00eda<\/span><\/strong><\/span><\/div>\r\n<\/td>\r\n<\/tr>\r\n<\/tbody>\r\n<\/table>\r\n<\/div>\r\n<\/td>\r\n<td style=\"width: 20%; text-align: center; height: 31px;\">\r\n<div align=\"center\">\r\n<table id=\"tabla-napsis-default\" border=\"0\" width=\"100%\" cellspacing=\"1\" cellpadding=\"1\" align=\"center\">\r\n<tbody>\r\n<tr>\r\n<td align=\"left\">\r\n<div align=\"center\"><span style=\"color: #800000;\"><strong><span style=\"font-size: 10pt;\">F\u00edsica<\/span><\/strong><\/span><\/div>\r\n<\/td>\r\n<\/tr>\r\n<\/tbody>\r\n<\/table>\r\n<\/div>\r\n<\/td>\r\n<td style=\"width: 20%; text-align: center; height: 31px;\"><span style=\"color: #800000;\"><strong><span style=\"font-size: 10pt;\">Qu\u00edmica<\/span><\/strong><\/span><\/td>\r\n<\/tr>\r\n<\/tbody>\r\n<\/table>\r\n","protected":false},"excerpt":{"rendered":"<p>Camilo Adolfo Hern\u00e1ndez Romero Flor\u00e1ngel Andrea Castillo Rocha Mar\u00eda Consuelo Bustamante Zamorano Rocio SolangeFuenzalida D\u00edaz Biolog\u00eda Biolog\u00eda F\u00edsica Qu\u00edmica<\/p>\n","protected":false},"author":1,"featured_media":0,"parent":0,"menu_order":0,"comment_status":"closed","ping_status":"closed","template":"","meta":{"_eb_attr":"","footnotes":""},"class_list":["post-34","page","type-page","status-publish","hentry"],"_links":{"self":[{"href":"https:\/\/isc-rancagua.cl\/sc\/wp-json\/wp\/v2\/pages\/34","targetHints":{"allow":["GET"]}}],"collection":[{"href":"https:\/\/isc-rancagua.cl\/sc\/wp-json\/wp\/v2\/pages"}],"about":[{"href":"https:\/\/isc-rancagua.cl\/sc\/wp-json\/wp\/v2\/types\/page"}],"author":[{"embeddable":true,"href":"https:\/\/isc-rancagua.cl\/sc\/wp-json\/wp\/v2\/users\/1"}],"replies":[{"embeddable":true,"href":"https:\/\/isc-rancagua.cl\/sc\/wp-json\/wp\/v2\/comments?post=34"}],"version-history":[{"count":6,"href":"https:\/\/isc-rancagua.cl\/sc\/wp-json\/wp\/v2\/pages\/34\/revisions"}],"predecessor-version":[{"id":1607,"href":"https:\/\/isc-rancagua.cl\/sc\/wp-json\/wp\/v2\/pages\/34\/revisions\/1607"}],"wp:attachment":[{"href":"https:\/\/isc-rancagua.cl\/sc\/wp-json\/wp\/v2\/media?parent=34"}],"curies":[{"name":"wp","href":"https:\/\/api.w.org\/{rel}","templated":true}]}}