{"id":31,"date":"2024-01-29T16:18:02","date_gmt":"2024-01-29T19:18:02","guid":{"rendered":"https:\/\/isc-rancagua.cl\/sc\/?page_id=31"},"modified":"2025-07-15T16:12:14","modified_gmt":"2025-07-15T20:12:14","slug":"matematica","status":"publish","type":"page","link":"https:\/\/isc-rancagua.cl\/sc\/matematica\/","title":{"rendered":"Matem\u00e1tica"},"content":{"rendered":"\r\n<table style=\"border-collapse: collapse; width: 90%; height: 251px;\">\r\n<tbody>\r\n<tr style=\"height: 155px;\">\r\n<td style=\"width: 20%; text-align: center; height: 155px;\"><img loading=\"lazy\" decoding=\"async\" class=\"alignnone size-full wp-image-1327\" src=\"https:\/\/isc-rancagua.cl\/sc\/wp-content\/uploads\/2025\/06\/Capa-10.png\" alt=\"\" width=\"150\" height=\"227\" \/><\/td>\r\n<td style=\"width: 20%; text-align: center; height: 155px;\"><img loading=\"lazy\" decoding=\"async\" class=\"alignnone size-full wp-image-1328\" src=\"https:\/\/isc-rancagua.cl\/sc\/wp-content\/uploads\/2025\/06\/Capa-11.png\" alt=\"\" width=\"150\" height=\"227\" \/><\/td>\r\n<td style=\"width: 20%; text-align: center; height: 155px;\"><img loading=\"lazy\" decoding=\"async\" class=\"alignnone size-full wp-image-1524\" src=\"https:\/\/isc-rancagua.cl\/sc\/wp-content\/uploads\/2025\/06\/funcionario_2_5.jpg\" alt=\"\" width=\"150\" height=\"227\" \/><\/td>\r\n<td style=\"width: 20%; text-align: center; height: 155px;\">\u00a0<\/td>\r\n<\/tr>\r\n<tr style=\"height: 50px;\">\r\n<td style=\"width: 20%; text-align: center; height: 50px;\"><b>Eduardo Alfonso Gallardo Guajardo<\/b><\/td>\r\n<td style=\"width: 20%; height: 50px; text-align: center;\" valign=\"top\" width=\"25%\"><b>Crist\u00f3bal Nicol\u00e1s Morales Salgado<\/b><\/td>\r\n<td style=\"width: 20%; text-align: center; height: 50px;\"><b>Mar\u00eda Francisca Mu\u00f1oz Ma\u00f1an<\/b><\/td>\r\n<td style=\"width: 20%; text-align: center; height: 50px;\">\u00a0<\/td>\r\n<\/tr>\r\n<tr style=\"height: 23px;\">\r\n<td style=\"width: 20%; text-align: center; height: 23px;\"><span style=\"font-size: 12pt; color: #800000;\"><strong>Matem\u00e1tica<\/strong><\/span><\/td>\r\n<td style=\"width: 20%; text-align: center; height: 23px;\"><span style=\"font-size: 12pt; color: #800000;\"><strong>Matem\u00e1tica<\/strong><\/span><\/td>\r\n<td style=\"width: 20%; text-align: center; height: 23px;\"><span style=\"font-size: 12pt; color: #800000;\"><strong>Matem\u00e1tica<\/strong><\/span><\/td>\r\n<td style=\"width: 20%; text-align: center; height: 23px;\">\u00a0<\/td>\r\n<\/tr>\r\n<tr style=\"height: 23px;\">\r\n<td style=\"width: 20%; text-align: center; height: 23px;\">\u00a0<\/td>\r\n<td style=\"width: 20%; text-align: center; height: 23px;\">\u00a0<\/td>\r\n<td style=\"width: 20%; text-align: center; height: 23px;\">\u00a0<\/td>\r\n<td style=\"width: 20%; text-align: center; height: 23px;\">\u00a0<\/td>\r\n<\/tr>\r\n<\/tbody>\r\n<\/table>\r\n","protected":false},"excerpt":{"rendered":"<p>\u00a0 Eduardo Alfonso Gallardo Guajardo Crist\u00f3bal Nicol\u00e1s Morales Salgado Mar\u00eda Francisca Mu\u00f1oz Ma\u00f1an \u00a0 Matem\u00e1tica Matem\u00e1tica Matem\u00e1tica \u00a0 \u00a0 \u00a0 \u00a0 \u00a0<\/p>\n","protected":false},"author":1,"featured_media":0,"parent":0,"menu_order":0,"comment_status":"closed","ping_status":"closed","template":"","meta":{"_eb_attr":"","footnotes":""},"class_list":["post-31","page","type-page","status-publish","hentry"],"_links":{"self":[{"href":"https:\/\/isc-rancagua.cl\/sc\/wp-json\/wp\/v2\/pages\/31","targetHints":{"allow":["GET"]}}],"collection":[{"href":"https:\/\/isc-rancagua.cl\/sc\/wp-json\/wp\/v2\/pages"}],"about":[{"href":"https:\/\/isc-rancagua.cl\/sc\/wp-json\/wp\/v2\/types\/page"}],"author":[{"embeddable":true,"href":"https:\/\/isc-rancagua.cl\/sc\/wp-json\/wp\/v2\/users\/1"}],"replies":[{"embeddable":true,"href":"https:\/\/isc-rancagua.cl\/sc\/wp-json\/wp\/v2\/comments?post=31"}],"version-history":[{"count":10,"href":"https:\/\/isc-rancagua.cl\/sc\/wp-json\/wp\/v2\/pages\/31\/revisions"}],"predecessor-version":[{"id":1610,"href":"https:\/\/isc-rancagua.cl\/sc\/wp-json\/wp\/v2\/pages\/31\/revisions\/1610"}],"wp:attachment":[{"href":"https:\/\/isc-rancagua.cl\/sc\/wp-json\/wp\/v2\/media?parent=31"}],"curies":[{"name":"wp","href":"https:\/\/api.w.org\/{rel}","templated":true}]}}