{"id":27,"date":"2024-01-29T16:17:14","date_gmt":"2024-01-29T19:17:14","guid":{"rendered":"https:\/\/isc-rancagua.cl\/sc\/?page_id=27"},"modified":"2025-10-21T15:20:33","modified_gmt":"2025-10-21T18:20:33","slug":"profesores-jefes","status":"publish","type":"page","link":"https:\/\/isc-rancagua.cl\/sc\/profesores-jefes\/","title":{"rendered":"Profesores Jefes"},"content":{"rendered":"\r\n<p><span style=\"color: #800000; font-size: 14pt;\"><strong>PRE B\u00c1SICA<\/strong><\/span><\/p>\r\n\r\n\r\n\r\n<table style=\"border-collapse: collapse; width: 90%; height: 228px;\">\r\n<tbody>\r\n<tr style=\"height: 155px;\">\r\n<td style=\"width: 20%; text-align: center; height: 155px;\"><img loading=\"lazy\" decoding=\"async\" class=\"alignnone size-full wp-image-1518\" src=\"https:\/\/isc-rancagua.cl\/sc\/wp-content\/uploads\/2025\/06\/funcionario_2_1.jpg\" alt=\"\" width=\"150\" height=\"227\" \/><\/td>\r\n<td style=\"width: 20%; text-align: center; height: 155px;\"><img loading=\"lazy\" decoding=\"async\" class=\"alignnone size-full wp-image-1318\" src=\"https:\/\/isc-rancagua.cl\/sc\/wp-content\/uploads\/2025\/06\/Capa-1.png\" alt=\"\" width=\"150\" height=\"227\" \/><\/td>\r\n<td style=\"width: 20%; text-align: center; height: 155px;\">\u00a0<\/td>\r\n<td style=\"width: 20%; text-align: center; height: 155px;\">\u00a0<\/td>\r\n<\/tr>\r\n<tr style=\"height: 46px;\">\r\n<td style=\"width: 20%; text-align: center; height: 46px;\"><span style=\"color: #424242;\"><strong>Sara Isabel<\/strong><\/span><br \/><span style=\"color: #424242;\"><strong>Herrera Tapia<\/strong><\/span><\/td>\r\n<td style=\"width: 20%; text-align: center; height: 46px;\"><span style=\"color: #424242;\"><strong>Karina Alejandra<\/strong><\/span><br \/><span style=\"color: #424242;\"><strong>Abarca Carrasco<\/strong><\/span><\/td>\r\n<td style=\"width: 20%; text-align: center; height: 46px;\">\u00a0<\/td>\r\n<td style=\"width: 20%; text-align: center; height: 46px;\">\u00a0<\/td>\r\n<\/tr>\r\n<tr style=\"height: 27px;\">\r\n<td style=\"width: 20%; text-align: center; height: 27px;\"><strong><span style=\"font-size: 10pt; color: #800000;\">Kinder<\/span><\/strong><\/td>\r\n<td style=\"width: 20%; height: 27px;\" valign=\"top\" width=\"25%\">\r\n<table border=\"0\" width=\"100%\" cellspacing=\"0\" cellpadding=\"0\">\r\n<tbody>\r\n<tr>\r\n<td valign=\"top\">\r\n<div align=\"center\"><strong><span style=\"font-size: 10pt; color: #800000;\">Pre Kinder<\/span><\/strong><\/div>\r\n<\/td>\r\n<\/tr>\r\n<\/tbody>\r\n<\/table>\r\n<\/td>\r\n<td style=\"width: 20%; text-align: center; height: 27px;\">\u00a0<\/td>\r\n<td style=\"width: 20%; text-align: center; height: 27px;\">\u00a0<\/td>\r\n<\/tr>\r\n<\/tbody>\r\n<\/table>\r\n\r\n\r\n\r\n<p>&nbsp;<\/p>\r\n\r\n\r\n\r\n<p><strong><span style=\"font-size: 14pt; color: #800000;\">PRIMER CICLO B\u00c1SICO<\/span><\/strong><\/p>\r\n\r\n\r\n\r\n<table style=\"border-collapse: collapse; width: 88.6956%; height: 228px;\">\r\n<tbody>\r\n<tr style=\"height: 155px;\">\r\n<td style=\"width: 20%; text-align: center; height: 155px;\"><img loading=\"lazy\" decoding=\"async\" class=\"alignnone size-full wp-image-1319\" src=\"https:\/\/isc-rancagua.cl\/sc\/wp-content\/uploads\/2025\/06\/Capa-2.png\" alt=\"\" width=\"150\" height=\"227\" \/><\/td>\r\n<td style=\"width: 20%; text-align: center; height: 155px;\"><img loading=\"lazy\" decoding=\"async\" class=\"alignnone size-full wp-image-1519\" src=\"https:\/\/isc-rancagua.cl\/sc\/wp-content\/uploads\/2025\/06\/funcionario_2_2.jpg\" alt=\"\" width=\"150\" height=\"227\" \/><\/td>\r\n<td style=\"width: 19.4019%; text-align: center; height: 155px;\"><img loading=\"lazy\" decoding=\"async\" class=\"alignnone size-full wp-image-1320\" src=\"https:\/\/isc-rancagua.cl\/sc\/wp-content\/uploads\/2025\/06\/Capa-3.png\" alt=\"\" width=\"150\" height=\"227\" \/><\/td>\r\n<td style=\"width: 19.485%; text-align: center; height: 155px;\"><img loading=\"lazy\" decoding=\"async\" class=\"alignnone size-full wp-image-1520\" src=\"https:\/\/isc-rancagua.cl\/sc\/wp-content\/uploads\/2025\/06\/funcionario_2_3.jpg\" alt=\"\" width=\"150\" height=\"227\" \/><\/td>\r\n<\/tr>\r\n<tr style=\"height: 46px;\">\r\n<td style=\"width: 20%; text-align: center; height: 46px;\"><span style=\"color: #424242;\"><b>Mar\u00eda Beatriz S\u00e1nchez Salgado<\/b><\/span><\/td>\r\n<td style=\"width: 20%; text-align: center; height: 46px;\"><span style=\"color: #424242;\"><b>Claudia Andrea Cisternas Rebolledo<\/b><\/span><\/td>\r\n<td style=\"width: 19.4019%; text-align: center; height: 46px;\"><span style=\"color: #424242;\"><b>Yasm\u00edn Loreto Seguel Miranda<\/b><\/span><\/td>\r\n<td style=\"width: 19.485%; text-align: center; height: 46px;\"><span style=\"color: #424242;\"><b>Ana Mar\u00eda Castillo Espinoza<\/b><\/span><\/td>\r\n<\/tr>\r\n<tr style=\"height: 27px;\">\r\n<td style=\"width: 20%; text-align: center; height: 27px;\"><span style=\"color: #800000;\"><strong><span style=\"font-size: 10pt;\">Primero B\u00e1sico<\/span><\/strong><\/span><\/td>\r\n<td style=\"width: 20%; height: 27px;\" valign=\"top\" width=\"21%\">\r\n<table border=\"0\" width=\"100%\" cellspacing=\"0\" cellpadding=\"0\">\r\n<tbody>\r\n<tr>\r\n<td>\r\n<div align=\"center\"><span style=\"color: #800000;\"><strong><span style=\"font-size: 10pt;\">Segundo B\u00e1sico<\/span><\/strong><\/span><\/div>\r\n<\/td>\r\n<\/tr>\r\n<\/tbody>\r\n<\/table>\r\n<\/td>\r\n<td style=\"width: 19.4019%; height: 27px; text-align: center;\" valign=\"top\" width=\"38%\"><span style=\"color: #800000;\"><strong><span style=\"font-size: 10pt;\">Tercero B\u00e1sico<\/span><\/strong><\/span><\/td>\r\n<td style=\"width: 19.485%; height: 27px; text-align: center;\"><span style=\"color: #800000;\"><strong><span style=\"font-size: 10pt;\">Cuarto B\u00e1sico<\/span><\/strong><\/span><\/td>\r\n<\/tr>\r\n<\/tbody>\r\n<\/table>\r\n\r\n\r\n\r\n<p>&nbsp;<\/p>\r\n\r\n\r\n\r\n<p><strong><span style=\"font-size: 14pt; color: #800000;\">SEGUNDO CICLO B\u00c1SICO<\/span><\/strong><\/p>\r\n\r\n\r\n\r\n<table style=\"border-collapse: collapse; width: 90%; height: 79px;\">\r\n<tbody>\r\n<tr style=\"height: 33px;\">\r\n<td style=\"width: 20%; text-align: center; height: 33px;\"><img loading=\"lazy\" decoding=\"async\" class=\"alignnone size-full wp-image-1523\" src=\"https:\/\/isc-rancagua.cl\/sc\/wp-content\/uploads\/2025\/06\/funcionario_2_4.jpg\" alt=\"\" width=\"150\" height=\"227\" \/><\/td>\r\n<td style=\"width: 20%; text-align: center; height: 33px;\"><img loading=\"lazy\" decoding=\"async\" class=\"alignnone size-full wp-image-1356\" src=\"https:\/\/isc-rancagua.cl\/sc\/wp-content\/uploads\/2025\/06\/Capa-39-copia.png\" alt=\"\" width=\"150\" height=\"227\" \/><\/td>\r\n<td style=\"width: 20%; text-align: center; height: 33px;\"><img loading=\"lazy\" decoding=\"async\" class=\"alignnone size-full wp-image-1356\" src=\"https:\/\/isc-rancagua.cl\/sc\/wp-content\/uploads\/2025\/06\/Capa-39-copia.png\" alt=\"\" width=\"150\" height=\"227\" \/><\/td>\r\n<td style=\"width: 20%; text-align: center; height: 33px;\"><img loading=\"lazy\" decoding=\"async\" class=\"alignnone size-full wp-image-1524\" src=\"https:\/\/isc-rancagua.cl\/sc\/wp-content\/uploads\/2025\/06\/funcionario_2_5.jpg\" alt=\"\" width=\"150\" height=\"227\" \/><\/td>\r\n<\/tr>\r\n<tr style=\"height: 23px;\">\r\n<td style=\"width: 20%; text-align: center; height: 23px;\"><span style=\"color: #424242;\"><strong>Mar\u00eda Consuelo<\/strong><\/span><br \/><span style=\"color: #424242;\"><strong>Bustamante Zamorano<\/strong><\/span><\/td>\r\n<td style=\"width: 20%; text-align: center; height: 23px;\"><span style=\"color: #424242;\"><strong>Maira Noemi D\u00edaz Arriagada<\/strong><\/span><\/td>\r\n<td style=\"width: 20%; text-align: center; height: 23px;\"><span style=\"color: #424242;\"><strong>Mar\u00eda Carolina<\/strong><\/span><br \/><span style=\"color: #424242;\"><strong>Sol\u00eds Ahumada<\/strong><\/span><\/td>\r\n<td style=\"width: 20%; text-align: center; height: 23px;\"><span style=\"color: #424242;\"><strong>Mar\u00eda Francisca Mu\u00f1oz Ma\u00f1an<\/strong><\/span><\/td>\r\n<\/tr>\r\n<tr style=\"height: 23px;\">\r\n<td style=\"width: 20%; text-align: center; height: 23px;\"><span style=\"color: #800000;\"><strong><span style=\"font-size: 10pt;\">Quinto B\u00e1sico<\/span><\/strong><\/span><\/td>\r\n<td style=\"width: 20%; height: 23px; text-align: center;\" valign=\"top\" width=\"21%\"><span style=\"color: #800000;\"><strong><span style=\"font-size: 10pt;\">Sexto B\u00e1sico<\/span><\/strong><\/span><\/td>\r\n<td style=\"width: 20%; height: 23px; text-align: center;\" valign=\"top\" width=\"38%\"><span style=\"color: #800000;\"><strong><span style=\"font-size: 10pt;\">S\u00e9ptimo B\u00e1sico<\/span><\/strong><\/span><\/td>\r\n<td style=\"width: 20%; height: 23px; text-align: center;\"><span style=\"color: #800000;\"><strong><span style=\"font-size: 10pt;\">Octavo B\u00e1sico<\/span><\/strong><\/span><\/td>\r\n<\/tr>\r\n<\/tbody>\r\n<\/table>\r\n\r\n\r\n\r\n<p>&nbsp;<\/p>\r\n\r\n\r\n\r\n<p><span style=\"color: #800000;\"><strong><span style=\"font-size: 14pt;\">ENSE\u00d1ANAZA MEDIA<\/span><\/strong><\/span><\/p>\r\n\r\n\r\n\r\n<table style=\"border-collapse: collapse; width: 90%; height: 301px;\">\r\n<tbody>\r\n<tr style=\"height: 155px;\">\r\n<td style=\"width: 20%; text-align: center; height: 155px;\"><img loading=\"lazy\" decoding=\"async\" class=\"alignnone size-full wp-image-1321\" src=\"https:\/\/isc-rancagua.cl\/sc\/wp-content\/uploads\/2025\/06\/Capa-4.png\" alt=\"\" width=\"150\" height=\"227\" \/><\/td>\r\n<td style=\"width: 20%; text-align: center; height: 155px;\"><img loading=\"lazy\" decoding=\"async\" class=\"alignnone size-full wp-image-1526\" src=\"https:\/\/isc-rancagua.cl\/sc\/wp-content\/uploads\/2025\/06\/funcionario_2_6.jpg\" alt=\"\" width=\"150\" height=\"227\" \/><\/td>\r\n<td style=\"width: 20%; text-align: center; height: 155px;\"><img loading=\"lazy\" decoding=\"async\" class=\"alignnone size-full wp-image-1323\" src=\"https:\/\/isc-rancagua.cl\/sc\/wp-content\/uploads\/2025\/06\/Capa-6.png\" alt=\"\" width=\"150\" height=\"227\" \/><\/td>\r\n<td style=\"width: 20%; text-align: center; height: 155px;\"><img loading=\"lazy\" decoding=\"async\" class=\"alignnone size-full wp-image-1324\" src=\"https:\/\/isc-rancagua.cl\/sc\/wp-content\/uploads\/2025\/06\/Capa-7.png\" alt=\"\" width=\"150\" height=\"227\" \/><\/td>\r\n<\/tr>\r\n<tr style=\"height: 23px;\">\r\n<td style=\"width: 20%; text-align: center; height: 23px;\"><span style=\"color: #424242;\"><b>Daniel Patricio Salas Delgado<\/b><\/span><\/td>\r\n<td style=\"width: 20%; text-align: center; height: 23px;\"><b style=\"color: #424242;\">Roc\u00edo Elena Becerra Olgu\u00edn<\/b><\/td>\r\n<td style=\"width: 20%; text-align: center; height: 23px;\"><b style=\"color: #424242;\">Camilo Adolfo Hern\u00e1ndez Romero<\/b><\/td>\r\n<td style=\"width: 20%; text-align: center; height: 23px;\"><b style=\"color: #424242;\">Roc\u00edo Solange Fuenzalida D\u00edaz<\/b><\/td>\r\n<\/tr>\r\n<tr style=\"height: 27px;\">\r\n<td style=\"width: 20%; height: 27px; text-align: center;\" valign=\"top\" width=\"11%\">\r\n<table border=\"0\" width=\"100%\" cellspacing=\"0\" cellpadding=\"0\">\r\n<tbody>\r\n<tr>\r\n<td>\r\n<div align=\"center\"><span style=\"color: #800000;\"><strong><span style=\"font-size: 10pt;\">Primero Medio\u00a0<\/span><\/strong><\/span><\/div>\r\n<\/td>\r\n<\/tr>\r\n<\/tbody>\r\n<\/table>\r\n<\/td>\r\n<td style=\"width: 20%; height: 27px; text-align: center;\" valign=\"top\" width=\"21%\"><strong style=\"color: #800000;\"><span style=\"font-size: 10pt;\">Terceo Medio A<\/span><\/strong><\/td>\r\n<td style=\"width: 20%; height: 27px; text-align: center;\" valign=\"top\" width=\"38%\"><strong style=\"color: #800000;\"><span style=\"font-size: 10pt;\">Tercero Medio B<\/span><\/strong><\/td>\r\n<td style=\"width: 20%; height: 27px; text-align: center;\"><b style=\"color: #800000; font-size: 13.3333px;\">Cuarto Medio<\/b><\/td>\r\n<\/tr>\r\n<tr style=\"height: 23px;\">\r\n<td style=\"width: 20%; text-align: center; height: 23px;\">\u00a0<\/td>\r\n<td style=\"width: 20%; text-align: center; height: 23px;\">\u00a0<\/td>\r\n<td style=\"width: 20%; text-align: center; height: 23px;\">\u00a0<\/td>\r\n<td style=\"width: 20%; text-align: center; height: 23px;\">\u00a0<\/td>\r\n<\/tr>\r\n<\/tbody>\r\n<\/table>\r\n","protected":false},"excerpt":{"rendered":"<p>PRE B\u00c1SICA \u00a0 \u00a0 Sara IsabelHerrera Tapia Karina AlejandraAbarca Carrasco \u00a0 \u00a0 Kinder Pre Kinder \u00a0 \u00a0 &nbsp; PRIMER CICLO B\u00c1SICO Mar\u00eda Beatriz S\u00e1nchez Salgado Claudia Andrea Cisternas Rebolledo Yasm\u00edn Loreto Seguel Miranda Ana Mar\u00eda Castillo Espinoza Primero B\u00e1sico Segundo B\u00e1sico Tercero B\u00e1sico Cuarto B\u00e1sico &nbsp; SEGUNDO CICLO B\u00c1SICO Mar\u00eda ConsueloBustamante Zamorano Maira Noemi D\u00edaz Arriagada Mar\u00eda CarolinaSol\u00eds Ahumada Mar\u00eda Francisca Mu\u00f1oz Ma\u00f1an Quinto B\u00e1sico Sexto B\u00e1sico S\u00e9ptimo B\u00e1sico Octavo B\u00e1sico &nbsp; ENSE\u00d1ANAZA MEDIA Daniel Patricio Salas Delgado Roc\u00edo Elena Becerra Olgu\u00edn Camilo Adolfo Hern\u00e1ndez Romero Roc\u00edo Solange Fuenzalida D\u00edaz&hellip;<\/p>\n","protected":false},"author":1,"featured_media":0,"parent":0,"menu_order":0,"comment_status":"closed","ping_status":"closed","template":"","meta":{"_eb_attr":"","footnotes":""},"class_list":["post-27","page","type-page","status-publish","hentry"],"_links":{"self":[{"href":"https:\/\/isc-rancagua.cl\/sc\/wp-json\/wp\/v2\/pages\/27","targetHints":{"allow":["GET"]}}],"collection":[{"href":"https:\/\/isc-rancagua.cl\/sc\/wp-json\/wp\/v2\/pages"}],"about":[{"href":"https:\/\/isc-rancagua.cl\/sc\/wp-json\/wp\/v2\/types\/page"}],"author":[{"embeddable":true,"href":"https:\/\/isc-rancagua.cl\/sc\/wp-json\/wp\/v2\/users\/1"}],"replies":[{"embeddable":true,"href":"https:\/\/isc-rancagua.cl\/sc\/wp-json\/wp\/v2\/comments?post=27"}],"version-history":[{"count":46,"href":"https:\/\/isc-rancagua.cl\/sc\/wp-json\/wp\/v2\/pages\/27\/revisions"}],"predecessor-version":[{"id":2045,"href":"https:\/\/isc-rancagua.cl\/sc\/wp-json\/wp\/v2\/pages\/27\/revisions\/2045"}],"wp:attachment":[{"href":"https:\/\/isc-rancagua.cl\/sc\/wp-json\/wp\/v2\/media?parent=27"}],"curies":[{"name":"wp","href":"https:\/\/api.w.org\/{rel}","templated":true}]}}