{"id":23,"date":"2024-01-29T16:15:42","date_gmt":"2024-01-29T19:15:42","guid":{"rendered":"https:\/\/isc-rancagua.cl\/sc\/?page_id=23"},"modified":"2024-08-20T08:57:47","modified_gmt":"2024-08-20T12:57:47","slug":"directora","status":"publish","type":"page","link":"https:\/\/isc-rancagua.cl\/sc\/directora\/","title":{"rendered":"Directora"},"content":{"rendered":"<p>Es un placer dirigirme a ustedes en este espacio de encuentro, donde juntos asumimos la hermosa responsabilidad de educar a nuestras j\u00f3venes en la fe, el conocimiento y el amor. En nuestro colegio, cultivamos no solo el intelecto, sino tambi\u00e9n la espiritualidad y el car\u00e1cter de nuestras estudiantes, siempre guiadas por el ejemplo del Coraz\u00f3n de Jes\u00fas e inspiradas por las ense\u00f1anzas de la Beata Catalina de Mar\u00eda.<\/p>\n<p>Con su s\u00f3lida tradici\u00f3n cat\u00f3lica, nuestro colegio se destaca por ofrecer una educaci\u00f3n de excelencia. Esto es posible gracias al acompa\u00f1amiento cercano y dedicado de las Hermanas Esclavas del Coraz\u00f3n de Jes\u00fas, as\u00ed como de nuestros profesores y asistentes de la educaci\u00f3n, quienes, con su compromiso y vocaci\u00f3n, nos invitan a vivir con sencillez, humildad y amor al pr\u00f3jimo.<\/p>\n<p>Somos conscientes de que, como comunidad educativa, siempre hay espacio para seguir aprendiendo y mejorando. Por ello, nos comprometemos a caminar juntos en este proceso de crecimiento continuo, escuchando y colaborando con ustedes para brindar la mejor formaci\u00f3n posible a nuestras estudiantes.<\/p>\n<p>Agradezco profundamente la confianza que han depositado en nosotros, sabiendo que juntos formamos una comunidad educativa s\u00f3lida y comprometida. Invito a todos a continuar colaborando en este hermoso proyecto, donde cada uno de nosotros tiene un papel fundamental en la construcci\u00f3n de una sociedad m\u00e1s justa, fraterna y llena del amor de Dios.<\/p>\n<p>Que el Sagrado Coraz\u00f3n de Jes\u00fas y nuestra Madre Sant\u00edsima nos gu\u00eden siempre en esta misi\u00f3n educativa.<\/p>\n<p>Con cari\u00f1o y gratitud,<\/p>\n<p>Alejandra Carrasco Landero<\/p>\n","protected":false},"excerpt":{"rendered":"<p>Es un placer dirigirme a ustedes en este espacio de encuentro, donde juntos asumimos la hermosa responsabilidad de educar a nuestras j\u00f3venes en la fe, el conocimiento y el amor. En nuestro colegio, cultivamos no solo el intelecto, sino tambi\u00e9n la espiritualidad y el car\u00e1cter de nuestras estudiantes, siempre guiadas por el ejemplo del Coraz\u00f3n de Jes\u00fas e inspiradas por las ense\u00f1anzas de la Beata Catalina de Mar\u00eda. Con su s\u00f3lida tradici\u00f3n cat\u00f3lica, nuestro colegio se destaca por ofrecer una educaci\u00f3n de excelencia. Esto es posible gracias al acompa\u00f1amiento cercano&hellip;<\/p>\n","protected":false},"author":1,"featured_media":0,"parent":0,"menu_order":0,"comment_status":"closed","ping_status":"closed","template":"","meta":{"_eb_attr":"","footnotes":""},"class_list":["post-23","page","type-page","status-publish","hentry"],"_links":{"self":[{"href":"https:\/\/isc-rancagua.cl\/sc\/wp-json\/wp\/v2\/pages\/23","targetHints":{"allow":["GET"]}}],"collection":[{"href":"https:\/\/isc-rancagua.cl\/sc\/wp-json\/wp\/v2\/pages"}],"about":[{"href":"https:\/\/isc-rancagua.cl\/sc\/wp-json\/wp\/v2\/types\/page"}],"author":[{"embeddable":true,"href":"https:\/\/isc-rancagua.cl\/sc\/wp-json\/wp\/v2\/users\/1"}],"replies":[{"embeddable":true,"href":"https:\/\/isc-rancagua.cl\/sc\/wp-json\/wp\/v2\/comments?post=23"}],"version-history":[{"count":4,"href":"https:\/\/isc-rancagua.cl\/sc\/wp-json\/wp\/v2\/pages\/23\/revisions"}],"predecessor-version":[{"id":661,"href":"https:\/\/isc-rancagua.cl\/sc\/wp-json\/wp\/v2\/pages\/23\/revisions\/661"}],"wp:attachment":[{"href":"https:\/\/isc-rancagua.cl\/sc\/wp-json\/wp\/v2\/media?parent=23"}],"curies":[{"name":"wp","href":"https:\/\/api.w.org\/{rel}","templated":true}]}}