{"id":2102,"date":"2025-11-03T16:49:53","date_gmt":"2025-11-03T19:49:53","guid":{"rendered":"https:\/\/isc-rancagua.cl\/sc\/?page_id=2102"},"modified":"2025-11-03T17:42:19","modified_gmt":"2025-11-03T20:42:19","slug":"equipo-de-gestion","status":"publish","type":"page","link":"https:\/\/isc-rancagua.cl\/sc\/equipo-de-gestion\/","title":{"rendered":"Equipo de Gesti\u00f3n"},"content":{"rendered":"\r\n<table style=\"border-collapse: collapse; width: 90%; height: 216px;\">\r\n<tbody>\r\n<tr style=\"height: 24px;\">\r\n<td style=\"width: 20%; text-align: center; height: 24px;\"><img loading=\"lazy\" decoding=\"async\" class=\"alignnone size-full wp-image-1347\" src=\"https:\/\/isc-rancagua.cl\/sc\/wp-content\/uploads\/2025\/06\/Capa-30.png\" alt=\"\" width=\"150\" height=\"227\" \/><\/td>\r\n<td style=\"width: 20%; text-align: center; height: 24px;\"><img loading=\"lazy\" decoding=\"async\" class=\"alignnone size-full wp-image-1348\" src=\"https:\/\/isc-rancagua.cl\/sc\/wp-content\/uploads\/2025\/06\/Capa-31.png\" alt=\"\" width=\"150\" height=\"227\" \/><\/td>\r\n<td style=\"width: 20%; text-align: center; height: 24px;\"><img loading=\"lazy\" decoding=\"async\" class=\"alignnone size-full wp-image-1349\" src=\"https:\/\/isc-rancagua.cl\/sc\/wp-content\/uploads\/2025\/06\/Capa-32.png\" alt=\"\" width=\"150\" height=\"226\" \/><\/td>\r\n<td style=\"width: 20%; text-align: center; height: 24px;\"><img loading=\"lazy\" decoding=\"async\" class=\"alignnone size-full wp-image-1336\" src=\"https:\/\/isc-rancagua.cl\/sc\/wp-content\/uploads\/2025\/06\/Capa-19.png\" alt=\"\" width=\"150\" height=\"227\" \/><\/td>\r\n<\/tr>\r\n<tr style=\"height: 48px;\">\r\n<td style=\"width: 20%; text-align: center; height: 48px;\"><b>Daniela Luc\u00eda Espejo Leiva<\/b><\/td>\r\n<td style=\"width: 20%; text-align: center; height: 48px;\"><b>Mar\u00eda Isabel Cordero Miranda<\/b><\/td>\r\n<td style=\"width: 20%; text-align: center; height: 48px;\"><b>Claudia Paulina Droguett N\u00fa\u00f1ez<\/b><\/td>\r\n<td style=\"width: 20%; text-align: center; height: 48px;\"><strong>Claudia Lorena Herrera Dur\u00e1n<\/strong><\/td>\r\n<\/tr>\r\n<tr style=\"height: 24px;\">\r\n<td style=\"width: 20%; text-align: center; height: 24px;\"><span style=\"color: #800000;\"><strong><span style=\"font-size: 10pt;\">Directora<\/span><\/strong><\/span><\/td>\r\n<td style=\"width: 20%; text-align: center; height: 24px;\" valign=\"top\" width=\"21%\"><span style=\"color: #800000;\"><span style=\"font-size: 13.3333px;\"><b>Orientadora<\/b><\/span><\/span><\/td>\r\n<td style=\"width: 20%; text-align: center; height: 24px;\"><span style=\"color: #800000;\"><strong><span style=\"font-size: 10pt;\">Representante sostenedor<\/span><\/strong><\/span><\/td>\r\n<td style=\"width: 20%; text-align: center; height: 24px;\"><span style=\"color: #800000;\"><strong><span style=\"font-size: 10pt;\">U.T.P.<\/span><\/strong><\/span>\u00a0<\/td>\r\n<\/tr>\r\n<tr style=\"height: 24px;\">\r\n<td style=\"width: 20%; text-align: center; height: 24px;\">\u00a0<\/td>\r\n<td style=\"width: 20%; text-align: center; height: 24px;\">\u00a0<\/td>\r\n<td style=\"width: 20%; text-align: center; height: 24px;\">\u00a0<\/td>\r\n<td style=\"width: 20%; text-align: center; height: 24px;\">\u00a0<\/td>\r\n<\/tr>\r\n<tr style=\"height: 24px;\">\r\n<td style=\"width: 20%; text-align: center; height: 24px;\"><img decoding=\"async\" src=\"https:\/\/isc-rancagua.cl\/sc\/wp-content\/uploads\/2025\/06\/funcionario_2_13.jpg\" \/><\/td>\r\n<td style=\"width: 20%; text-align: center; height: 24px;\"><img decoding=\"async\" src=\"https:\/\/isc-rancagua.cl\/sc\/wp-content\/uploads\/2025\/06\/Capa-16.png\" \/><\/td>\r\n<td style=\"width: 20%; text-align: center; height: 24px;\">\u00a0<\/td>\r\n<td style=\"width: 20%; text-align: center; height: 24px;\">\u00a0<\/td>\r\n<\/tr>\r\n<tr style=\"height: 48px;\">\r\n<td style=\"width: 20%; text-align: center; height: 48px;\"><b>Elsa del Carmen Urz\u00faa Araya<\/b><\/td>\r\n<td style=\"width: 20%; text-align: center; height: 48px;\"><b>M\u00f3nica Marcela Zaida Bustamante Arias<\/b><\/td>\r\n<td style=\"width: 20%; text-align: center; height: 48px;\">\u00a0<\/td>\r\n<td style=\"width: 20%; text-align: center; height: 48px;\">\u00a0<\/td>\r\n<\/tr>\r\n<tr style=\"height: 24px;\">\r\n<td style=\"width: 20%; text-align: center; height: 24px;\"><span style=\"color: #800000; font-size: 14px;\"><strong>Coordinadora<br \/>Convivencia<\/strong><\/span><\/td>\r\n<td style=\"width: 20%; text-align: center; height: 24px;\" valign=\"top\" width=\"38%\"><span style=\"color: #800000;\"><span style=\"font-size: 14px;\"><b>Religi\u00f3n<\/b><\/span><\/span><\/td>\r\n<td style=\"width: 20%; text-align: center; height: 24px;\">\u00a0<\/td>\r\n<td style=\"width: 20%; height: 24px; text-align: center;\" valign=\"top\" width=\"11%\">\u00a0<\/td>\r\n<\/tr>\r\n<\/tbody>\r\n<\/table>","protected":false},"excerpt":{"rendered":"<p>Daniela Luc\u00eda Espejo Leiva Mar\u00eda Isabel Cordero Miranda Claudia Paulina Droguett N\u00fa\u00f1ez Claudia Lorena Herrera Dur\u00e1n Directora Orientadora Representante sostenedor U.T.P.\u00a0 \u00a0 \u00a0 \u00a0 \u00a0 \u00a0 \u00a0 Elsa del Carmen Urz\u00faa Araya M\u00f3nica Marcela Zaida Bustamante Arias \u00a0 \u00a0 CoordinadoraConvivencia Religi\u00f3n \u00a0 \u00a0<\/p>\n","protected":false},"author":1,"featured_media":0,"parent":0,"menu_order":0,"comment_status":"closed","ping_status":"closed","template":"","meta":{"_eb_attr":"","footnotes":""},"class_list":["post-2102","page","type-page","status-publish","hentry"],"_links":{"self":[{"href":"https:\/\/isc-rancagua.cl\/sc\/wp-json\/wp\/v2\/pages\/2102","targetHints":{"allow":["GET"]}}],"collection":[{"href":"https:\/\/isc-rancagua.cl\/sc\/wp-json\/wp\/v2\/pages"}],"about":[{"href":"https:\/\/isc-rancagua.cl\/sc\/wp-json\/wp\/v2\/types\/page"}],"author":[{"embeddable":true,"href":"https:\/\/isc-rancagua.cl\/sc\/wp-json\/wp\/v2\/users\/1"}],"replies":[{"embeddable":true,"href":"https:\/\/isc-rancagua.cl\/sc\/wp-json\/wp\/v2\/comments?post=2102"}],"version-history":[{"count":8,"href":"https:\/\/isc-rancagua.cl\/sc\/wp-json\/wp\/v2\/pages\/2102\/revisions"}],"predecessor-version":[{"id":2105,"href":"https:\/\/isc-rancagua.cl\/sc\/wp-json\/wp\/v2\/pages\/2102\/revisions\/2105"}],"wp:attachment":[{"href":"https:\/\/isc-rancagua.cl\/sc\/wp-json\/wp\/v2\/media?parent=2102"}],"curies":[{"name":"wp","href":"https:\/\/api.w.org\/{rel}","templated":true}]}}