{"id":21,"date":"2024-01-29T16:15:21","date_gmt":"2024-01-29T19:15:21","guid":{"rendered":"https:\/\/isc-rancagua.cl\/sc\/?page_id=21"},"modified":"2024-02-05T10:35:31","modified_gmt":"2024-02-05T13:35:31","slug":"representante-legal","status":"publish","type":"page","link":"https:\/\/isc-rancagua.cl\/sc\/representante-legal\/","title":{"rendered":"Representante Legal"},"content":{"rendered":"\n<div class=\"wp-block-columns is-layout-flex wp-container-core-columns-is-layout-9d6595d7 wp-block-columns-is-layout-flex\">\n<div class=\"wp-block-column is-layout-flow wp-block-column-is-layout-flow\" style=\"flex-basis:33.33%\">\n<figure class=\"wp-block-image size-full is-resized\"><img loading=\"lazy\" decoding=\"async\" width=\"162\" height=\"179\" src=\"https:\/\/isc-rancagua.cl\/sc\/wp-content\/uploads\/2024\/02\/madre.jpg\" alt=\"\" class=\"wp-image-227\" style=\"width:181px;height:auto\"\/><\/figure>\n<\/div>\n\n\n\n<div class=\"wp-block-column is-layout-flow wp-block-column-is-layout-flow\" style=\"flex-basis:66.66%\">\n<p><strong>Formar el coraz\u00f3n de estas ni\u00f1as que llegan a nuestro colegio en el comienzo de sus vidas y lo dejan amaneciendo su juventud. Largos a\u00f1os, d\u00eda tras d\u00eda recorriendo estos patios estrenando vida, creciendo, haci\u00e9ndose y ensayando ser mujer.<\/strong><\/p>\n<\/div>\n<\/div>\n\n\n\n<p>Formar mientras crecen y se despiertan a un mundo lleno de contradicciones, arropadas por la calidez de sus familias, amigas y quienes las aman y sacudidas por un mundo herido por la violencia, el abandono, la soledad y sufrimientos de tantos seres humanos.<\/p>\n\n\n\n<p>En este campo tan variado es donde debemos formar su coraz\u00f3n. Tarea misteriosa, lenta, profunda, ardua y bella. Tarea que nos implica cari\u00f1o, paciencia, bondad y una mirada al alma desde lo m\u00e1s hondo de nuestra humanidad.<\/p>\n\n\n\n<p>As\u00ed formamos, mientras nos vamos \u00abencontrando\u00bb en nuestra com\u00fan vulnerabilidad, su silenciosa y lenta aceptaci\u00f3n, reconoci\u00e9ndonos personas: seres humanos genuinos, mientras nacen y crecen esos lazos de afecto entra\u00f1ables que nos dejan una huella imborrable, nos forman en lo interior, modelan nuestra alma y nos capacita para amar incondicionalmente y recibir amor.<\/p>\n\n\n\n<p>Mientras corren, juegan, sue\u00f1an, crecen y son amadas sin condiciones, en ese mismo tiempo se forman sus tiernos corazones.<\/p>\n","protected":false},"excerpt":{"rendered":"<p>Formar el coraz\u00f3n de estas ni\u00f1as que llegan a nuestro colegio en el comienzo de sus vidas y lo dejan amaneciendo su juventud. Largos a\u00f1os, d\u00eda tras d\u00eda recorriendo estos patios estrenando vida, creciendo, haci\u00e9ndose y ensayando ser mujer. Formar mientras crecen y se despiertan a un mundo lleno de contradicciones, arropadas por la calidez de sus familias, amigas y quienes las aman y sacudidas por un mundo herido por la violencia, el abandono, la soledad y sufrimientos de tantos seres humanos. En este campo tan variado es donde debemos&hellip;<\/p>\n","protected":false},"author":1,"featured_media":0,"parent":0,"menu_order":0,"comment_status":"closed","ping_status":"closed","template":"","meta":{"_eb_attr":"","footnotes":""},"class_list":["post-21","page","type-page","status-publish","hentry"],"_links":{"self":[{"href":"https:\/\/isc-rancagua.cl\/sc\/wp-json\/wp\/v2\/pages\/21","targetHints":{"allow":["GET"]}}],"collection":[{"href":"https:\/\/isc-rancagua.cl\/sc\/wp-json\/wp\/v2\/pages"}],"about":[{"href":"https:\/\/isc-rancagua.cl\/sc\/wp-json\/wp\/v2\/types\/page"}],"author":[{"embeddable":true,"href":"https:\/\/isc-rancagua.cl\/sc\/wp-json\/wp\/v2\/users\/1"}],"replies":[{"embeddable":true,"href":"https:\/\/isc-rancagua.cl\/sc\/wp-json\/wp\/v2\/comments?post=21"}],"version-history":[{"count":3,"href":"https:\/\/isc-rancagua.cl\/sc\/wp-json\/wp\/v2\/pages\/21\/revisions"}],"predecessor-version":[{"id":231,"href":"https:\/\/isc-rancagua.cl\/sc\/wp-json\/wp\/v2\/pages\/21\/revisions\/231"}],"wp:attachment":[{"href":"https:\/\/isc-rancagua.cl\/sc\/wp-json\/wp\/v2\/media?parent=21"}],"curies":[{"name":"wp","href":"https:\/\/api.w.org\/{rel}","templated":true}]}}