{"id":19,"date":"2024-01-29T16:14:16","date_gmt":"2024-01-29T19:14:16","guid":{"rendered":"https:\/\/isc-rancagua.cl\/sc\/?page_id=19"},"modified":"2024-02-05T10:29:22","modified_gmt":"2024-02-05T13:29:22","slug":"himno","status":"publish","type":"page","link":"https:\/\/isc-rancagua.cl\/sc\/himno\/","title":{"rendered":"Himno"},"content":{"rendered":"\n<p>Nuestras voces juveniles se alzar\u00e1n en un himno de amor universal todos juntos al pobre y al que sufre compartiendo para siempre nuestro pan.<\/p>\n\n\n\n<p><strong><mark style=\"background-color:rgba(0, 0, 0, 0)\" class=\"has-inline-color has-vivid-red-color\">Coro<\/mark><\/strong><br>Oh Divino Sagrado Coraz\u00f3n esp\u00e1rcenos tu paz y tu perd\u00f3n tu presencia que es grande y generosa ilumine a nuestra juventud.<\/p>\n\n\n\n<p>Nuestra Escuela siempre se ha de proyectar a trav\u00e9s de nuestras vidas al pasar en el surco la semilla ha de sembrar caminando hacia el mundo de la paz.<\/p>\n\n\n\n<p><strong><mark style=\"background-color:rgba(0, 0, 0, 0)\" class=\"has-inline-color has-vivid-red-color\">Coro<\/mark><br><\/strong>Oh Divino Sagrado Coraz\u00f3n esp\u00e1rcenos tu paz y tu perd\u00f3n tu presencia que es grande y generosa ilumine a nuestra juventud.<br>Tu nos gu\u00edas en la Ense\u00f1anza Cristiana en tus aulas nos cobijamos con amor en tus patios siempre reina la alegr\u00eda demos gracias y alabemos al gran Dios<\/p>\n\n\n\n<p><strong><mark style=\"background-color:rgba(0, 0, 0, 0)\" class=\"has-inline-color has-vivid-red-color\">Coro<\/mark><\/strong><br>Oh Divino Sagrado Coraz\u00f3n esp\u00e1rcenos tu paz y tu perd\u00f3n tu presencia que es grande y generosa ilumine a nuestra juventud.<\/p>\n\n\n\n<p><\/p>\n","protected":false},"excerpt":{"rendered":"<p>Nuestras voces juveniles se alzar\u00e1n en un himno de amor universal todos juntos al pobre y al que sufre compartiendo para siempre nuestro pan. CoroOh Divino Sagrado Coraz\u00f3n esp\u00e1rcenos tu paz y tu perd\u00f3n tu presencia que es grande y generosa ilumine a nuestra juventud. Nuestra Escuela siempre se ha de proyectar a trav\u00e9s de nuestras vidas al pasar en el surco la semilla ha de sembrar caminando hacia el mundo de la paz. CoroOh Divino Sagrado Coraz\u00f3n esp\u00e1rcenos tu paz y tu perd\u00f3n tu presencia que es grande y&hellip;<\/p>\n","protected":false},"author":1,"featured_media":0,"parent":0,"menu_order":0,"comment_status":"closed","ping_status":"closed","template":"","meta":{"_eb_attr":"","footnotes":""},"class_list":["post-19","page","type-page","status-publish","hentry"],"_links":{"self":[{"href":"https:\/\/isc-rancagua.cl\/sc\/wp-json\/wp\/v2\/pages\/19","targetHints":{"allow":["GET"]}}],"collection":[{"href":"https:\/\/isc-rancagua.cl\/sc\/wp-json\/wp\/v2\/pages"}],"about":[{"href":"https:\/\/isc-rancagua.cl\/sc\/wp-json\/wp\/v2\/types\/page"}],"author":[{"embeddable":true,"href":"https:\/\/isc-rancagua.cl\/sc\/wp-json\/wp\/v2\/users\/1"}],"replies":[{"embeddable":true,"href":"https:\/\/isc-rancagua.cl\/sc\/wp-json\/wp\/v2\/comments?post=19"}],"version-history":[{"count":2,"href":"https:\/\/isc-rancagua.cl\/sc\/wp-json\/wp\/v2\/pages\/19\/revisions"}],"predecessor-version":[{"id":226,"href":"https:\/\/isc-rancagua.cl\/sc\/wp-json\/wp\/v2\/pages\/19\/revisions\/226"}],"wp:attachment":[{"href":"https:\/\/isc-rancagua.cl\/sc\/wp-json\/wp\/v2\/media?parent=19"}],"curies":[{"name":"wp","href":"https:\/\/api.w.org\/{rel}","templated":true}]}}