{"id":15,"date":"2024-01-29T16:13:30","date_gmt":"2024-01-29T19:13:30","guid":{"rendered":"https:\/\/isc-rancagua.cl\/sc\/?page_id=15"},"modified":"2025-04-07T17:48:30","modified_gmt":"2025-04-07T21:48:30","slug":"mision-vision","status":"publish","type":"page","link":"https:\/\/isc-rancagua.cl\/sc\/mision-vision\/","title":{"rendered":"Misi\u00f3n \/ Visi\u00f3n"},"content":{"rendered":"\r\n<p><strong><mark class=\"has-inline-color has-vivid-red-color\" style=\"background-color: rgba(0, 0, 0, 0);\">\u201cVisi\u00f3n Institucional del Instituto Sagrado Coraz\u00f3n:<\/mark><\/strong><\/p>\r\n\r\n\r\n\r\n<p>Si hablamos de Visi\u00f3n es hablar de nuestro futuro. Es el horizonte al que queremos llegar y que nos permitir\u00e1 seleccionar las acciones que tendremos que hacer para repensar la educaci\u00f3n que estamos ofreciendo y generar los cambios que buscamos. Es nuestra realidad futura que construimos en comunidad y lo hacemos en funci\u00f3n de nuestros sue\u00f1os e ideales. Nuestra Visi\u00f3n: El Instituto Sagrado Coraz\u00f3n de Rancagua, anhela ser una comunidad educativa-pastoral, comprometida con la formaci\u00f3n integral de personas que vivencian el Amor y la Reparaci\u00f3n, contribuyendo a la construcci\u00f3n de una sociedad justa, inclusiva, solidaria y custodia de la Casa Com\u00fan.<\/p>\r\n\r\n\r\n\r\n<p><mark class=\"has-inline-color has-vivid-red-color\" style=\"background-color: rgba(0, 0, 0, 0);\"><strong>Misi\u00f3n Institucional del Instituto Sagrado Coraz\u00f3n:<\/strong><\/mark><\/p>\r\n\r\n\r\n\r\n<p>La Misi\u00f3n es la raz\u00f3n de ser de nuestro Instituto, es la que nos mueve y permite utilizar al m\u00e1ximo los diferentes recursos y muestra hacia d\u00f3nde queremos llegar, sintetiza el quehacer del Instituto y valora la pertinencia de las actividades que desarrollamos. Nuestra Misi\u00f3n: Somos el Instituto Sagrado Coraz\u00f3n de Rancagua que, en comunidad, forma personas integrales a trav\u00e9s de procesos educativos de calidad, quienes, desde el Carisma del Amor y la Reparaci\u00f3n, son transformadoras de la sociedad a la luz de los valores del Evangelio.\u201d<\/p>\r\n","protected":false},"excerpt":{"rendered":"<p>\u201cVisi\u00f3n Institucional del Instituto Sagrado Coraz\u00f3n: Si hablamos de Visi\u00f3n es hablar de nuestro futuro. Es el horizonte al que queremos llegar y que nos permitir\u00e1 seleccionar las acciones que tendremos que hacer para repensar la educaci\u00f3n que estamos ofreciendo y generar los cambios que buscamos. Es nuestra realidad futura que construimos en comunidad y lo hacemos en funci\u00f3n de nuestros sue\u00f1os e ideales. Nuestra Visi\u00f3n: El Instituto Sagrado Coraz\u00f3n de Rancagua, anhela ser una comunidad educativa-pastoral, comprometida con la formaci\u00f3n integral de personas que vivencian el Amor y la&hellip;<\/p>\n","protected":false},"author":1,"featured_media":0,"parent":0,"menu_order":0,"comment_status":"closed","ping_status":"closed","template":"","meta":{"_eb_attr":"","footnotes":""},"class_list":["post-15","page","type-page","status-publish","hentry"],"_links":{"self":[{"href":"https:\/\/isc-rancagua.cl\/sc\/wp-json\/wp\/v2\/pages\/15","targetHints":{"allow":["GET"]}}],"collection":[{"href":"https:\/\/isc-rancagua.cl\/sc\/wp-json\/wp\/v2\/pages"}],"about":[{"href":"https:\/\/isc-rancagua.cl\/sc\/wp-json\/wp\/v2\/types\/page"}],"author":[{"embeddable":true,"href":"https:\/\/isc-rancagua.cl\/sc\/wp-json\/wp\/v2\/users\/1"}],"replies":[{"embeddable":true,"href":"https:\/\/isc-rancagua.cl\/sc\/wp-json\/wp\/v2\/comments?post=15"}],"version-history":[{"count":4,"href":"https:\/\/isc-rancagua.cl\/sc\/wp-json\/wp\/v2\/pages\/15\/revisions"}],"predecessor-version":[{"id":1085,"href":"https:\/\/isc-rancagua.cl\/sc\/wp-json\/wp\/v2\/pages\/15\/revisions\/1085"}],"wp:attachment":[{"href":"https:\/\/isc-rancagua.cl\/sc\/wp-json\/wp\/v2\/media?parent=15"}],"curies":[{"name":"wp","href":"https:\/\/api.w.org\/{rel}","templated":true}]}}