{"id":1380,"date":"2025-06-04T15:49:15","date_gmt":"2025-06-04T19:49:15","guid":{"rendered":"https:\/\/isc-rancagua.cl\/sc\/?page_id=1380"},"modified":"2025-11-03T17:37:22","modified_gmt":"2025-11-03T20:37:22","slug":"convivencia","status":"publish","type":"page","link":"https:\/\/isc-rancagua.cl\/sc\/convivencia\/","title":{"rendered":"Convivencia"},"content":{"rendered":"\r\n<table style=\"border-collapse: collapse; width: 90%;\">\r\n<tbody>\r\n<tr>\r\n<td style=\"width: 20%; text-align: center;\"><img loading=\"lazy\" decoding=\"async\" class=\"alignnone size-full wp-image-1539\" src=\"https:\/\/isc-rancagua.cl\/sc\/wp-content\/uploads\/2025\/06\/funcionario_2_13.jpg\" alt=\"\" width=\"150\" height=\"227\" \/><\/td>\r\n<td style=\"width: 20%; text-align: center;\"><img loading=\"lazy\" decoding=\"async\" class=\"alignnone size-full wp-image-1342\" src=\"https:\/\/isc-rancagua.cl\/sc\/wp-content\/uploads\/2025\/06\/Capa-25.png\" alt=\"\" width=\"150\" height=\"227\" \/><\/td>\r\n<td style=\"width: 20%; text-align: center;\"><img loading=\"lazy\" decoding=\"async\" class=\"alignnone size-full wp-image-1540\" src=\"https:\/\/isc-rancagua.cl\/sc\/wp-content\/uploads\/2025\/06\/funcionario_2_14.jpg\" alt=\"\" width=\"150\" height=\"227\" \/><\/td>\r\n<td style=\"width: 20%; text-align: center;\"><img loading=\"lazy\" decoding=\"async\" class=\"alignnone size-full wp-image-1343\" src=\"https:\/\/isc-rancagua.cl\/sc\/wp-content\/uploads\/2025\/06\/Capa-26.png\" alt=\"\" width=\"150\" height=\"227\" \/><\/td>\r\n<\/tr>\r\n<tr>\r\n<td style=\"width: 20%; text-align: center;\"><b>Elsa del Carmen Urz\u00faa Araya<\/b><\/td>\r\n<td style=\"width: 20%; text-align: center;\"><b>Blanca Soledad P\u00e9rez Moreno<\/b><\/td>\r\n<td style=\"width: 20%; text-align: center;\"><b>Ximena Isabel Arra\u00f1o Cartagena<\/b><\/td>\r\n<td style=\"width: 20%; text-align: center;\"><b>Carmen Gloria Gonz\u00e1lez C\u00e1rdenas<\/b><\/td>\r\n<\/tr>\r\n<tr>\r\n<td style=\"width: 20%; text-align: center;\" valign=\"top\" width=\"25%\"><strong><span style=\"font-size: 10pt; color: #800000;\">Coordinadora<br \/>Convivencia<\/span><\/strong><\/td>\r\n<td style=\"width: 20%; text-align: center;\"><strong><span style=\"font-size: 10pt; color: #800000;\">Asistente de<br \/>Convivencia<\/span><\/strong><\/td>\r\n<td style=\"width: 20%; text-align: center;\"><strong><span style=\"font-size: 10pt; color: #800000;\">Inspectora<\/span><\/strong><\/td>\r\n<td style=\"width: 20%; text-align: center;\"><strong><span style=\"font-size: 10pt; color: #800000;\">Asistente social<\/span><\/strong><\/td>\r\n<\/tr>\r\n<tr>\r\n<td style=\"width: 20%; text-align: center;\"><strong><span style=\"font-size: 10pt; color: #800000;\">\u00a0<\/span><\/strong><\/td>\r\n<td style=\"width: 20%; text-align: center;\"><strong><span style=\"font-size: 10pt; color: #800000;\">\u00a0<\/span><\/strong><\/td>\r\n<td style=\"width: 20%; text-align: center;\"><strong><span style=\"font-size: 10pt; color: #800000;\">\u00a0<\/span><\/strong><\/td>\r\n<td style=\"width: 20%; text-align: center;\">\u00a0<\/td>\r\n<\/tr>\r\n<tr>\r\n<td style=\"width: 20%; text-align: center;\">\u00a0<\/td>\r\n<td style=\"width: 20%; text-align: center;\">\u00a0<\/td>\r\n<td style=\"width: 20%; text-align: center;\">\u00a0<\/td>\r\n<td style=\"width: 20%; text-align: center;\">\u00a0<\/td>\r\n<\/tr>\r\n<tr>\r\n<td style=\"width: 20%; text-align: center;\">\u00a0<\/td>\r\n<td style=\"width: 20%; text-align: center;\">\u00a0<\/td>\r\n<td style=\"width: 20%; text-align: center;\">\u00a0<\/td>\r\n<td style=\"width: 20%; text-align: center;\">\u00a0<\/td>\r\n<\/tr>\r\n<tr>\r\n<td style=\"width: 20%; text-align: center;\">\u00a0<\/td>\r\n<td style=\"width: 20%; text-align: center;\">\u00a0<\/td>\r\n<td style=\"width: 20%; text-align: center;\">\u00a0<\/td>\r\n<td style=\"width: 20%; text-align: center;\">\u00a0<\/td>\r\n<\/tr>\r\n<tr>\r\n<td style=\"width: 20%; text-align: center;\">\u00a0<\/td>\r\n<td style=\"width: 20%; text-align: center;\">\u00a0<\/td>\r\n<td style=\"width: 20%; text-align: center;\">\u00a0<\/td>\r\n<td style=\"width: 20%; text-align: center;\">\u00a0<\/td>\r\n<\/tr>\r\n<\/tbody>\r\n<\/table>","protected":false},"excerpt":{"rendered":"<p>Elsa del Carmen Urz\u00faa Araya Blanca Soledad P\u00e9rez Moreno Ximena Isabel Arra\u00f1o Cartagena Carmen Gloria Gonz\u00e1lez C\u00e1rdenas CoordinadoraConvivencia Asistente deConvivencia Inspectora Asistente social \u00a0 \u00a0 \u00a0 \u00a0 \u00a0 \u00a0 \u00a0 \u00a0 \u00a0 \u00a0 \u00a0 \u00a0 \u00a0 \u00a0 \u00a0 \u00a0 \u00a0 \u00a0 \u00a0 \u00a0<\/p>\n","protected":false},"author":1,"featured_media":0,"parent":0,"menu_order":0,"comment_status":"closed","ping_status":"closed","template":"","meta":{"_eb_attr":"","footnotes":""},"class_list":["post-1380","page","type-page","status-publish","hentry"],"_links":{"self":[{"href":"https:\/\/isc-rancagua.cl\/sc\/wp-json\/wp\/v2\/pages\/1380","targetHints":{"allow":["GET"]}}],"collection":[{"href":"https:\/\/isc-rancagua.cl\/sc\/wp-json\/wp\/v2\/pages"}],"about":[{"href":"https:\/\/isc-rancagua.cl\/sc\/wp-json\/wp\/v2\/types\/page"}],"author":[{"embeddable":true,"href":"https:\/\/isc-rancagua.cl\/sc\/wp-json\/wp\/v2\/users\/1"}],"replies":[{"embeddable":true,"href":"https:\/\/isc-rancagua.cl\/sc\/wp-json\/wp\/v2\/comments?post=1380"}],"version-history":[{"count":8,"href":"https:\/\/isc-rancagua.cl\/sc\/wp-json\/wp\/v2\/pages\/1380\/revisions"}],"predecessor-version":[{"id":2110,"href":"https:\/\/isc-rancagua.cl\/sc\/wp-json\/wp\/v2\/pages\/1380\/revisions\/2110"}],"wp:attachment":[{"href":"https:\/\/isc-rancagua.cl\/sc\/wp-json\/wp\/v2\/media?parent=1380"}],"curies":[{"name":"wp","href":"https:\/\/api.w.org\/{rel}","templated":true}]}}