{"id":1376,"date":"2025-06-04T15:45:57","date_gmt":"2025-06-04T19:45:57","guid":{"rendered":"https:\/\/isc-rancagua.cl\/sc\/?page_id=1376"},"modified":"2025-08-20T17:00:27","modified_gmt":"2025-08-20T21:00:27","slug":"pie","status":"publish","type":"page","link":"https:\/\/isc-rancagua.cl\/sc\/pie\/","title":{"rendered":"PIE"},"content":{"rendered":"\r\n<table style=\"border-collapse: collapse; width: 90%; height: 556px;\">\r\n<tbody>\r\n<tr style=\"height: 155px;\">\r\n<td style=\"width: 20%; text-align: center; height: 155px;\"><img loading=\"lazy\" decoding=\"async\" class=\"alignnone size-full wp-image-1338\" src=\"https:\/\/isc-rancagua.cl\/sc\/wp-content\/uploads\/2025\/06\/Capa-21.png\" alt=\"\" width=\"150\" height=\"227\" \/><\/td>\r\n<td style=\"width: 20%; text-align: center; height: 155px;\"><img loading=\"lazy\" decoding=\"async\" class=\"alignnone size-full wp-image-1339\" src=\"https:\/\/isc-rancagua.cl\/sc\/wp-content\/uploads\/2025\/06\/Capa-22.png\" alt=\"\" width=\"150\" height=\"227\" \/><\/td>\r\n<td style=\"width: 20%; text-align: center; height: 155px;\"><img loading=\"lazy\" decoding=\"async\" class=\"alignnone size-full wp-image-1340\" src=\"https:\/\/isc-rancagua.cl\/sc\/wp-content\/uploads\/2025\/06\/Capa-23.png\" alt=\"\" width=\"150\" height=\"227\" \/><\/td>\r\n<td style=\"width: 20%; text-align: center; height: 155px;\"><img loading=\"lazy\" decoding=\"async\" class=\"alignnone size-full wp-image-1341\" src=\"https:\/\/isc-rancagua.cl\/sc\/wp-content\/uploads\/2025\/06\/Capa-24.png\" alt=\"\" width=\"150\" height=\"226\" \/><\/td>\r\n<\/tr>\r\n<tr style=\"height: 50px;\">\r\n<td style=\"width: 20%; text-align: center; height: 50px;\"><b>Denisse Emiliana Gonz\u00e1lez Llant\u00e9n<\/b><\/td>\r\n<td style=\"width: 20%; height: 50px; text-align: center;\" valign=\"top\" width=\"25%\"><b>Francisca Bel\u00e9n Cisterna Barros<\/b><\/td>\r\n<td style=\"width: 20%; text-align: center; height: 50px;\"><b>Paola Ximena Orellana Reinoso<\/b><\/td>\r\n<td style=\"width: 20%; text-align: center; height: 50px;\"><b>Catalina Alexandra Lisperguer N\u00fa\u00f1ez<\/b><\/td>\r\n<\/tr>\r\n<tr style=\"height: 23px;\">\r\n<td style=\"width: 20%; text-align: center; height: 23px; vertical-align: top;\"><span style=\"font-size: 10pt; color: #800000;\"><b>Coordinadora PIE<\/b><\/span><\/td>\r\n<td style=\"width: 20%; text-align: center; height: 23px; vertical-align: top;\"><span style=\"font-size: 10pt; color: #800000;\"><b>Profesora de educaci\u00f3n diferencial<\/b><\/span><\/td>\r\n<td style=\"width: 20%; text-align: center; height: 23px; vertical-align: top;\"><span style=\"font-size: 10pt; color: #800000;\"><b>Psicopedagoga<\/b><\/span><\/td>\r\n<td style=\"width: 20%; text-align: center; height: 23px; vertical-align: top;\"><span style=\"font-size: 10pt; color: #800000;\"><b>Profesora de educaci\u00f3n diferencial<\/b><\/span><\/td>\r\n<\/tr>\r\n<tr style=\"height: 23px;\">\r\n<td style=\"width: 20%; text-align: center; height: 23px;\">\u00a0<\/td>\r\n<td style=\"width: 20%; text-align: center; height: 23px;\">\u00a0<\/td>\r\n<td style=\"width: 20%; text-align: center; height: 23px;\">\u00a0<\/td>\r\n<td style=\"width: 20%; text-align: center; height: 23px;\">\u00a0<\/td>\r\n<\/tr>\r\n<tr style=\"height: 233px;\">\r\n<td style=\"width: 20%; text-align: center; height: 233px;\"><img loading=\"lazy\" decoding=\"async\" class=\"alignnone size-full wp-image-1596\" src=\"https:\/\/isc-rancagua.cl\/sc\/wp-content\/uploads\/2025\/07\/funcionario_3_01.jpg\" alt=\"\" width=\"150\" height=\"227\" \/><\/td>\r\n<td style=\"width: 20%; text-align: center; height: 233px;\"><img loading=\"lazy\" decoding=\"async\" class=\"alignnone size-full wp-image-1535\" src=\"https:\/\/isc-rancagua.cl\/sc\/wp-content\/uploads\/2025\/06\/funcionario_2_10.jpg\" alt=\"\" width=\"150\" height=\"227\" \/><\/td>\r\n<td style=\"width: 20%; text-align: center; height: 233px;\"><img loading=\"lazy\" decoding=\"async\" class=\"alignnone size-full wp-image-1536\" src=\"https:\/\/isc-rancagua.cl\/sc\/wp-content\/uploads\/2025\/06\/funcionario_2_11.jpg\" alt=\"\" width=\"150\" height=\"227\" \/><\/td>\r\n<td style=\"width: 20%; text-align: center; height: 233px;\"><img loading=\"lazy\" decoding=\"async\" class=\"alignnone size-full wp-image-1537\" src=\"https:\/\/isc-rancagua.cl\/sc\/wp-content\/uploads\/2025\/06\/funcionario_2_12.jpg\" alt=\"\" width=\"150\" height=\"227\" \/><\/td>\r\n<\/tr>\r\n<tr style=\"height: 48px;\">\r\n<td style=\"width: 20%; text-align: center; height: 48px;\"><b>Catherine Dennis Rey Barraza<\/b><\/td>\r\n<td style=\"width: 20%; text-align: center; height: 48px;\"><b>Alejandra Andrea Bustamante Pozo<\/b><\/td>\r\n<td style=\"width: 20%; text-align: center; height: 48px;\"><b>Natalia Fernanda Sobarzo Navarro<\/b><\/td>\r\n<td style=\"width: 20%; text-align: center; height: 48px;\"><b>Constanza del Pilar Rodr\u00edguez Rodr\u00edguez<\/b><\/td>\r\n<\/tr>\r\n<tr style=\"height: 24px;\">\r\n<td style=\"width: 20%; text-align: center; height: 24px; vertical-align: top;\"><span style=\"font-size: 10pt; color: #800000;\"><b>Psic\u00f3loga PIE<\/b><\/span><\/td>\r\n<td style=\"width: 20%; text-align: center; height: 24px; vertical-align: top;\"><span style=\"font-size: 10pt; color: #800000;\"><b>Fonoaudi\u00f3loga<\/b><\/span><\/td>\r\n<td style=\"width: 20%; text-align: center; height: 24px; vertical-align: top;\"><span style=\"font-size: 10pt; color: #800000;\"><b>Profesora de educaci\u00f3n diferencial<\/b>\u00a0<\/span><\/td>\r\n<td style=\"width: 20%; text-align: center; height: 24px; vertical-align: top;\"><span style=\"font-size: 10pt; color: #800000;\"><b>Profesora de educaci\u00f3n diferencial<\/b>\u00a0<\/span><\/td>\r\n<\/tr>\r\n<\/tbody>\r\n<\/table>","protected":false},"excerpt":{"rendered":"<p>Denisse Emiliana Gonz\u00e1lez Llant\u00e9n Francisca Bel\u00e9n Cisterna Barros Paola Ximena Orellana Reinoso Catalina Alexandra Lisperguer N\u00fa\u00f1ez Coordinadora PIE Profesora de educaci\u00f3n diferencial Psicopedagoga Profesora de educaci\u00f3n diferencial \u00a0 \u00a0 \u00a0 \u00a0 Catherine Dennis Rey Barraza Alejandra Andrea Bustamante Pozo Natalia Fernanda Sobarzo Navarro Constanza del Pilar Rodr\u00edguez Rodr\u00edguez Psic\u00f3loga PIE Fonoaudi\u00f3loga Profesora de educaci\u00f3n diferencial\u00a0 Profesora de educaci\u00f3n diferencial\u00a0<\/p>\n","protected":false},"author":1,"featured_media":0,"parent":0,"menu_order":0,"comment_status":"closed","ping_status":"closed","template":"","meta":{"_eb_attr":"","footnotes":""},"class_list":["post-1376","page","type-page","status-publish","hentry"],"_links":{"self":[{"href":"https:\/\/isc-rancagua.cl\/sc\/wp-json\/wp\/v2\/pages\/1376","targetHints":{"allow":["GET"]}}],"collection":[{"href":"https:\/\/isc-rancagua.cl\/sc\/wp-json\/wp\/v2\/pages"}],"about":[{"href":"https:\/\/isc-rancagua.cl\/sc\/wp-json\/wp\/v2\/types\/page"}],"author":[{"embeddable":true,"href":"https:\/\/isc-rancagua.cl\/sc\/wp-json\/wp\/v2\/users\/1"}],"replies":[{"embeddable":true,"href":"https:\/\/isc-rancagua.cl\/sc\/wp-json\/wp\/v2\/comments?post=1376"}],"version-history":[{"count":8,"href":"https:\/\/isc-rancagua.cl\/sc\/wp-json\/wp\/v2\/pages\/1376\/revisions"}],"predecessor-version":[{"id":1737,"href":"https:\/\/isc-rancagua.cl\/sc\/wp-json\/wp\/v2\/pages\/1376\/revisions\/1737"}],"wp:attachment":[{"href":"https:\/\/isc-rancagua.cl\/sc\/wp-json\/wp\/v2\/media?parent=1376"}],"curies":[{"name":"wp","href":"https:\/\/api.w.org\/{rel}","templated":true}]}}