{"id":1371,"date":"2025-06-04T15:38:24","date_gmt":"2025-06-04T19:38:24","guid":{"rendered":"https:\/\/isc-rancagua.cl\/sc\/?page_id=1371"},"modified":"2026-04-23T17:18:46","modified_gmt":"2026-04-23T21:18:46","slug":"religion","status":"publish","type":"page","link":"https:\/\/isc-rancagua.cl\/sc\/religion\/","title":{"rendered":"Religi\u00f3n"},"content":{"rendered":"\r\n<table style=\"border-collapse: collapse; width: 90%; height: 235px;\">\r\n<tbody>\r\n<tr style=\"height: 155px;\">\r\n<td style=\"width: 20%; text-align: center; height: 155px;\"><img loading=\"lazy\" decoding=\"async\" class=\"alignnone size-full wp-image-1333\" src=\"https:\/\/isc-rancagua.cl\/sc\/wp-content\/uploads\/2025\/06\/Capa-16.png\" alt=\"\" width=\"150\" height=\"227\" \/><\/td>\r\n<td style=\"width: 20%; text-align: center; height: 155px;\"><img loading=\"lazy\" decoding=\"async\" class=\"alignnone size-full wp-image-1332\" src=\"https:\/\/isc-rancagua.cl\/sc\/wp-content\/uploads\/2025\/06\/Capa-15.png\" alt=\"\" width=\"150\" height=\"227\" \/><\/td>\r\n<td style=\"width: 20%; text-align: center; height: 155px;\"><img loading=\"lazy\" decoding=\"async\" class=\"alignnone size-full wp-image-1334\" src=\"https:\/\/isc-rancagua.cl\/sc\/wp-content\/uploads\/2025\/06\/Capa-17.png\" alt=\"\" width=\"150\" height=\"227\" \/><\/td>\r\n<td style=\"width: 20%; text-align: center; height: 155px;\"><img loading=\"lazy\" decoding=\"async\" class=\"alignnone size-full wp-image-2404\" src=\"https:\/\/isc-rancagua.cl\/sc\/wp-content\/uploads\/2026\/04\/2026_007.jpg\" alt=\"\" width=\"150\" height=\"227\" \/><\/td>\r\n<\/tr>\r\n<tr style=\"height: 70px;\">\r\n<td style=\"width: 20%; text-align: center; height: 70px;\"><b>M\u00f3nica Marcela Zaida Bustamante Arias<\/b><\/td>\r\n<td style=\"width: 20%; text-align: center; height: 70px;\"><b>Alejandra Isabel Toledo Vidal<\/b><\/td>\r\n<td style=\"width: 20%; text-align: center; height: 70px;\"><b>Marcela Eliana Venegas Vargas<\/b><\/td>\r\n<td style=\"width: 20%; text-align: center; height: 70px;\"><strong>Mariana Eugenia Salgado Guti\u00e9rrez<\/strong><\/td>\r\n<\/tr>\r\n<tr style=\"height: 31px;\">\r\n<td style=\"width: 20%; text-align: center; height: 10px;\"><span style=\"color: #800000;\"><span style=\"font-size: 13.3333px;\"><b>Religi\u00f3n<\/b><\/span><\/span><\/td>\r\n<td style=\"width: 20%; text-align: center; height: 10px;\"><span style=\"color: #800000;\"><span style=\"font-size: 13.3333px;\"><b>Religi\u00f3n<\/b><\/span><\/span><\/td>\r\n<td style=\"width: 20%; text-align: center; height: 10px;\">\r\n<div align=\"center\"><span style=\"color: #800000;\"><span style=\"font-size: 13.3333px;\"><b>Religi\u00f3n<\/b><\/span><\/span><\/div>\r\n<\/td>\r\n<td style=\"width: 20%; text-align: center; height: 10px;\"><span style=\"color: #800000;\"><span style=\"color: #800000;\"><strong><span style=\"font-size: 10pt;\"><span style=\"font-size: 13.3333px;\"><b>Religi\u00f3n<\/b><\/span><\/span><\/strong><\/span><\/span><\/td>\r\n<\/tr>\r\n<\/tbody>\r\n<\/table>\r\n<p>&nbsp;<\/p>","protected":false},"excerpt":{"rendered":"<p>M\u00f3nica Marcela Zaida Bustamante Arias Alejandra Isabel Toledo Vidal Marcela Eliana Venegas Vargas Mariana Eugenia Salgado Guti\u00e9rrez Religi\u00f3n Religi\u00f3n Religi\u00f3n Religi\u00f3n &nbsp;<\/p>\n","protected":false},"author":1,"featured_media":0,"parent":0,"menu_order":0,"comment_status":"closed","ping_status":"closed","template":"","meta":{"_eb_attr":"","footnotes":""},"class_list":["post-1371","page","type-page","status-publish","hentry"],"_links":{"self":[{"href":"https:\/\/isc-rancagua.cl\/sc\/wp-json\/wp\/v2\/pages\/1371","targetHints":{"allow":["GET"]}}],"collection":[{"href":"https:\/\/isc-rancagua.cl\/sc\/wp-json\/wp\/v2\/pages"}],"about":[{"href":"https:\/\/isc-rancagua.cl\/sc\/wp-json\/wp\/v2\/types\/page"}],"author":[{"embeddable":true,"href":"https:\/\/isc-rancagua.cl\/sc\/wp-json\/wp\/v2\/users\/1"}],"replies":[{"embeddable":true,"href":"https:\/\/isc-rancagua.cl\/sc\/wp-json\/wp\/v2\/comments?post=1371"}],"version-history":[{"count":5,"href":"https:\/\/isc-rancagua.cl\/sc\/wp-json\/wp\/v2\/pages\/1371\/revisions"}],"predecessor-version":[{"id":2405,"href":"https:\/\/isc-rancagua.cl\/sc\/wp-json\/wp\/v2\/pages\/1371\/revisions\/2405"}],"wp:attachment":[{"href":"https:\/\/isc-rancagua.cl\/sc\/wp-json\/wp\/v2\/media?parent=1371"}],"curies":[{"name":"wp","href":"https:\/\/api.w.org\/{rel}","templated":true}]}}