{"id":11,"date":"2024-01-29T16:12:22","date_gmt":"2024-01-29T19:12:22","guid":{"rendered":"https:\/\/isc-rancagua.cl\/sc\/?page_id=11"},"modified":"2024-02-05T09:44:50","modified_gmt":"2024-02-05T12:44:50","slug":"origenes","status":"publish","type":"page","link":"https:\/\/isc-rancagua.cl\/sc\/origenes\/","title":{"rendered":"Or\u00edgenes"},"content":{"rendered":"\n<p><strong><mark style=\"background-color:rgba(0, 0, 0, 0)\" class=\"has-inline-color has-vivid-red-color\">HISTORIA INSTITUTO SAGRADO CORAZ\u00d3N \u00b7 1923 \u2013 2023<\/mark><\/strong><\/p>\n\n\n\n<p>Por secretos designios divinos la cr\u00f3nica de nuestro Instituto hunde sus ra\u00edces al otro lado de Los Andes; en la se\u00f1orial C\u00f3rdoba una inquieta viuda sent\u00eda renacer en su interior una antigua y ferviente inclinaci\u00f3n hacia la vida religiosa. Un 15 de septiembre de 1865, de camino a adorar al Sant\u00edsimo en la Iglesia de las Catalinas, se le vino al pensamiento que ten\u00eda un terreno en el que pod\u00eda edificar una casa de Ejercicios Espirituales y formar una comunidad de se\u00f1oras que estuviese a su servicio. Desde esa inspiraci\u00f3n y luego de soledades, dolores, peque\u00f1os logros y alegr\u00edas vio finalmente realizado su \u201csue\u00f1o dorado\u201d. El glorioso d\u00eda del Arc\u00e1ngel San Miguel, el 29 de septiembre de 1872, se funda el Instituto de las Hermanas Esclavas del Coraz\u00f3n de Jes\u00fas en Argentina.<\/p>\n\n\n\n<p>Al otro lado de la cordillera en 1854 en el coraz\u00f3n del Padre Pedro Jos\u00e9 Cerda, sacerdote chileno, ard\u00eda el anhelo de \u201cproporcionar a sus hermanos en Jes\u00fas ejercicios espirituales\u201d disponiendo en Rancagua de una casa y una capilla para tal efecto y fundar junto a ella \u201cuna escuela gratuita para ni\u00f1as pobres.<\/p>\n\n\n\n<p>A ambos lados del macizo cordillerano se tej\u00edan dos historias paralelas: la del Padre Pedro Jos\u00e9 Cerda y la de Madre Catalina, animadas por una misma inspiraci\u00f3n: formar j\u00f3venes en la fe y ofrecer a la comunidad momentos de retiro y oraci\u00f3n. Ser\u00eda la providencia divina quien enlazar\u00eda luego ambas historias.<\/p>\n\n\n\n<p>La obra de Madre Catalina extender\u00e1 sus lazos a nuestra ciudad de Rancagua, de la mano del Padre Jos\u00e9 Miguel Galaz, quien establecer\u00e1 los nexos para traer a \u201desta queridas hermanas\u201d y , en el coraz\u00f3n de Chile, alzar una obra que d\u00e9 gloria a Dios amando y reparando.<\/p>\n\n\n\n<p>La voluntad de Dios, con sus misteriosos designios, reunir\u00eda a comienzos de 1922 en conversaci\u00f3n franca a los presb\u00edteros Jos\u00e9 Verdaguer, sacerdote mendocino que visitaba Chile por salud y Jos\u00e9 Miguel Galaz, p\u00e1rroco de la Iglesia principal de Rancagua. Rod\u00f3 el discurso sobre las maravillosas transformaciones que los ejercicios espirituales y la educaci\u00f3n en la fe provocaban en las almas que los recib\u00edan. El padre Galaz, cont\u00f3 que buscaba con ansias, religiosas que pudieran hacerse cargo de la casa de ejercicios, su terreno y capilla ahora abandonados e iniciar una obra conjunta de educaci\u00f3n y espiritualidad que diera cumplimiento a la \u00faltima voluntad del Padre Cerda.<\/p>\n\n\n\n<p>Fue entonces, cuando la hora fijada por Dios hab\u00eda llegado. El padre Verdaguer conoc\u00eda el Instituto de las Hermanas Esclavas del Coraz\u00f3n de Jes\u00fas, quienes en C\u00f3rdoba se dedicaban precisamente a ejercicios espirituales y a la educaci\u00f3n en la fe. Tras cuatro llamados anteriores, este quinto fue el momento preciso en el que las Esclavas traspusieron la cordillera y se asentaron en tierras chilenas. El Coraz\u00f3n de Jes\u00fas hab\u00eda esperado y extend\u00eda sus manos protectoras sobre esta nueva obra. Rancagua ser\u00e1 la primera fundaci\u00f3n de la congregaci\u00f3n fuera de la Argentina. La primera comunidad de hermanas fundadoras y la congregaci\u00f3n considera al Padre Jos\u00e9 Miguel Galaz el fundador de esta obra por establecer los lazos para esta fundaci\u00f3n, su incansable apoyo y cari\u00f1o a las hermanas y ni\u00f1as y sus desvelos y entrega generosa a toda necesidad que surgiera. Las palabras de quien lo conoci\u00f3 \u201csus predilectas, las ni\u00f1as de la escuela anexa\u201d son testimonio que motivan el agradecimiento perenne de esta comunidad educativa a su Fundador.<\/p>\n\n\n\n<p>Llegaba el momento de la partida de las primeras cinco hermanas que preparar\u00edan todo para la nueva fundaci\u00f3n. Reinaba el entusiasmo, algo de tristeza por la separaci\u00f3n y mucha esperanza por la misi\u00f3n que se iniciaba. Pasaron por San Juan y Mendoza, viajando en ferrocarril. Se les llama las \u201cexploradoras chilenas\u201d. Se les agasaj\u00f3 con poemas, algunas dramatizaciones, sabores exquisitos para degustar y refrescarse.<\/p>\n\n\n\n<p>As\u00ed es como partieron hacia Chile cinco estrellas: Madre Catalina Luisa Ferreyra, hermana Mar\u00eda Serafina Estrella, hermana Margarita Mar\u00eda de Goupillant, hermana Carmen de Mar\u00eda Angulo y hermana Margarita Mar\u00eda Brennan.<\/p>\n\n\n\n<p>Finalmente llegan nuestras pioneras a Santiago al mediod\u00eda de un primer viernes, el 5 de enero de 1923, entre muestras de atenciones y cari\u00f1o las esperaba el Padre Galaz. Tres d\u00edas despu\u00e9s, el 8 de enero emprenden viaje a Rancagua en un antiguo tren, la estaci\u00f3n estaba repleta y fueron recibidas con respetuoso cari\u00f1o. En una larga procesi\u00f3n de coches, se encaminaron a la casa de las Hermanas del Buen Pastor. Ser\u00e1n ellas las m\u00e1s cari\u00f1osas y delicadas al acogerlas y acompa\u00f1arlas en toda esta primera etapa.<\/p>\n\n\n\n<p>El 11 de febrero llega el resto de las 12 hermanas que formar\u00e1n la comunidad fundadora: Madre Margarita Mar\u00eda de Carlo, Hermanas Victoria de la Cruz Aguirre, Ang\u00e9lica Luisa N\u00fa\u00f1ez, Mar\u00eda Margarita Ruiz, Mar\u00eda del Socorro Quiroga, Mar\u00eda Teodosia Molas, Mar\u00eda Josefa Recalde y Mar\u00eda Carolina Camusso, acompa\u00f1adas por la Madre General y su secretaria. Por ello se considera este el d\u00eda de la fundaci\u00f3n.<\/p>\n\n\n\n<p>Existe en la calle Astorga n\u00famero 480 una casa destinada a ejercicios espirituales y capilla antigua, en dicho lugar se erigir\u00e1 el colegio y la escuela de los que se har\u00e1 cargo la nueva comunidad con el compromiso de dar los ejercicios espirituales.<\/p>\n\n\n\n<p>En esa \u00e9poca la ciudad de Rancagua contaba con 20.000 habitantes; su primer magistrado es el intendente. La instrucci\u00f3n p\u00fablica cuenta con el Instituto O\u2019Higgins dirigido por los Hnos. Maristas, cursos universitarios, liceos de ense\u00f1anza secundaria de ni\u00f1os y ni\u00f1as, liceos particulares, escuelas fiscales, escuela profesional para artes y manualidades y el kindergarten de la Se\u00f1orita Esperanza Escobar. Tambi\u00e9n cuenta con un hospital atendido por las hermanas de la caridad de San Vicente de Paul. Casa correccional de mujeres regida por las hermanas del Buen Pastor. Iglesia parroquial, los templos de la Merced y San Francisco, atendidos por los religiosos de las dos \u00f3rdenes.<\/p>\n\n\n\n<p>El 15 de marzo abre sus puertas, contigua al colegio, la escuela anexa para ni\u00f1as de escasos recursos, se forman 3 salas con una inscripci\u00f3n de 127 alumnas que al finalizar el a\u00f1o ser\u00edan 131. Es gratuita, se da clases de 13:30 a 16:45 hs., en elemental, primero, segundo y tercer a\u00f1o. Las hermanas Pizarro , Molas, N\u00fa\u00f1ez y Riveros las atienden y educan. Asisten a misa los Domingos y a las celebraciones igual que el colegio. Pertenecen al apostolado, cruzada eucar\u00edstica , Corte de Mar\u00eda y tambi\u00e9n toman retiro espiritual.<\/p>\n\n\n\n<p>Las hermanas a cargo de la Escuela son: Hermana Ang\u00e9lica Luisa N\u00fa\u00f1ez quien da clases de Ensayo y Melodrama, Hna. Margarita Brennan a cargo de primer y segundo a\u00f1o, Hna Carmen Mar\u00eda Angulo, maestra de religi\u00f3n e historia sagrada, hermana Mar\u00eda Carolina Camusso, portera y maestra de labor de 2\u00ba a\u00f1o. Las alumnas del colegio ayudan a las alumnas de la escuela con mucha alegr\u00eda en vestimentas, alimentos, y adem\u00e1s las apoyaban ense\u00f1\u00e1ndoles.<\/p>\n\n\n\n<p>Una especial menci\u00f3n se merece la Hna. Margarita Brennan quien a lo largo de los a\u00f1os y hasta su muerte tiene una presencia constante y tierna. A pesar de una enfermedad que la deja imposibilitada para caminar sigue con su maternal cuidado de las ni\u00f1as desde su silla de ruedas. Ser\u00e1 su directora durante algunos a\u00f1os y quienes la conocieron dan fe del amor por sus ni\u00f1as de la escuela.<\/p>\n\n\n\n<p>Transcurren los a\u00f1os y tanto el colegio como la escuela siguen creciendo, surge la ense\u00f1anza b\u00e1sica por lo que se completan 8 a\u00f1os de trayecto educativo, el edificio de la calle Astorga se hace peque\u00f1o y la congregaci\u00f3n inspirada en su carisma de servicio a los m\u00e1s despose\u00eddos considera necesario ampliar su obra evangelizadora en la educaci\u00f3n y decide la construcci\u00f3n de un nuevo edificio en la poblaci\u00f3n Manzanal en el a\u00f1o 1985. Quedaban en la memoria del coraz\u00f3n los a\u00f1os vividos en aquella capilla, salas y patios.<\/p>\n\n\n\n<p>El inicio de su tarea en el nuevo lugar est\u00e1 marcado por la sencillez, austeridad y colaboraci\u00f3n de las familias, el personal y las alumnas en torno a un camino de superaci\u00f3n constante. A los 13 a\u00f1os de haber llegado al nuevo barrio surge la necesidad de ampliar la propuesta del trayecto educativo abriendo la ense\u00f1anza media, tras dificultades y venciendo obst\u00e1culos se llega a la realizaci\u00f3n del tan esperado sue\u00f1o de ver a las ni\u00f1as transitando su educaci\u00f3n media en nuestra querida escuela y surge as\u00ed la necesidad de imponerle un nuevo nombre \u201cInstituto Sagrado Coraz\u00f3n\u201d, que marcar\u00e1 el inicio de un camino lleno de logros, alegr\u00edas y aprendizajes en comunidad. El a\u00f1o 2002 da a luz las primeras licenciadas del ISC.<\/p>\n\n\n\n<p>Treinta y dos a\u00f1os despu\u00e9s de aquel nuevo comienzo el Instituto Sagrado Coraz\u00f3n da gracias a su Divino fundador y protector el Sagrado Coraz\u00f3n de Jes\u00fas, por su fidelidad y misericordia y por las bendiciones derramadas en tantos corazones infantiles y juveniles a su paso por esta hist\u00f3rica ciudad a lo largo de estos 100 a\u00f1os de vida.<\/p>\n","protected":false},"excerpt":{"rendered":"<p>HISTORIA INSTITUTO SAGRADO CORAZ\u00d3N \u00b7 1923 \u2013 2023 Por secretos designios divinos la cr\u00f3nica de nuestro Instituto hunde sus ra\u00edces al otro lado de Los Andes; en la se\u00f1orial C\u00f3rdoba una inquieta viuda sent\u00eda renacer en su interior una antigua y ferviente inclinaci\u00f3n hacia la vida religiosa. Un 15 de septiembre de 1865, de camino a adorar al Sant\u00edsimo en la Iglesia de las Catalinas, se le vino al pensamiento que ten\u00eda un terreno en el que pod\u00eda edificar una casa de Ejercicios Espirituales y formar una comunidad de se\u00f1oras&hellip;<\/p>\n","protected":false},"author":1,"featured_media":0,"parent":0,"menu_order":0,"comment_status":"closed","ping_status":"closed","template":"","meta":{"_eb_attr":"","footnotes":""},"class_list":["post-11","page","type-page","status-publish","hentry"],"_links":{"self":[{"href":"https:\/\/isc-rancagua.cl\/sc\/wp-json\/wp\/v2\/pages\/11","targetHints":{"allow":["GET"]}}],"collection":[{"href":"https:\/\/isc-rancagua.cl\/sc\/wp-json\/wp\/v2\/pages"}],"about":[{"href":"https:\/\/isc-rancagua.cl\/sc\/wp-json\/wp\/v2\/types\/page"}],"author":[{"embeddable":true,"href":"https:\/\/isc-rancagua.cl\/sc\/wp-json\/wp\/v2\/users\/1"}],"replies":[{"embeddable":true,"href":"https:\/\/isc-rancagua.cl\/sc\/wp-json\/wp\/v2\/comments?post=11"}],"version-history":[{"count":3,"href":"https:\/\/isc-rancagua.cl\/sc\/wp-json\/wp\/v2\/pages\/11\/revisions"}],"predecessor-version":[{"id":193,"href":"https:\/\/isc-rancagua.cl\/sc\/wp-json\/wp\/v2\/pages\/11\/revisions\/193"}],"wp:attachment":[{"href":"https:\/\/isc-rancagua.cl\/sc\/wp-json\/wp\/v2\/media?parent=11"}],"curies":[{"name":"wp","href":"https:\/\/api.w.org\/{rel}","templated":true}]}}