{"id":1086,"date":"2025-04-07T17:49:49","date_gmt":"2025-04-07T21:49:49","guid":{"rendered":"https:\/\/isc-rancagua.cl\/sc\/?page_id=1086"},"modified":"2025-11-11T11:56:03","modified_gmt":"2025-11-11T14:56:03","slug":"noticias-isc","status":"publish","type":"page","link":"https:\/\/isc-rancagua.cl\/sc\/","title":{"rendered":"Noticias ISC"},"content":{"rendered":"\r\n\r\n&nbsp;\r\n\r\n<a href=\"https:\/\/isc-rancagua.cl\/sc\/proceso-de-matricula-2026\/\"><img loading=\"lazy\" decoding=\"async\" class=\"alignnone wp-image-2146 size-full\" src=\"https:\/\/isc-rancagua.cl\/sc\/wp-content\/uploads\/2025\/11\/proceso-matricula-2026-2.jpg\" alt=\"\" width=\"750\" height=\"357\" srcset=\"https:\/\/isc-rancagua.cl\/sc\/wp-content\/uploads\/2025\/11\/proceso-matricula-2026-2.jpg 750w, https:\/\/isc-rancagua.cl\/sc\/wp-content\/uploads\/2025\/11\/proceso-matricula-2026-2-660x314.jpg 660w\" sizes=\"auto, (max-width: 750px) 100vw, 750px\" \/><\/a>\r\n\r\n<a href=\"https:\/\/isc-rancagua.cl\/sc\/proceso-de-postulacion-becas-2026\/\"><img loading=\"lazy\" decoding=\"async\" class=\"alignnone wp-image-2051 size-full\" src=\"https:\/\/isc-rancagua.cl\/sc\/wp-content\/uploads\/2025\/10\/proceso-de-matricula2.jpg\" alt=\"\" width=\"750\" height=\"358\" srcset=\"https:\/\/isc-rancagua.cl\/sc\/wp-content\/uploads\/2025\/10\/proceso-de-matricula2.jpg 750w, https:\/\/isc-rancagua.cl\/sc\/wp-content\/uploads\/2025\/10\/proceso-de-matricula2-660x315.jpg 660w\" sizes=\"auto, (max-width: 750px) 100vw, 750px\" \/><\/a>\r\n\r\n<div class=\"pt-cv-wrapper\"><div class=\"pt-cv-view pt-cv-blockgrid iscvblock iscvhybrid grid1 layout1\" id=\"pt-cv-view-f657df0qnw\"><div data-id=\"pt-cv-page-1\" class=\"pt-cv-page\" data-cvc=\"2\"><div class=\" pt-cv-content-item pt-cv-1-col\" ><div class=\"pt-cv-thumb-wrapper  \"><a href=\"https:\/\/isc-rancagua.cl\/sc\/navidad-con-sentido\/\" class=\"_self pt-cv-href-thumbnail pt-cv-thumb-default\" target=\"_self\" ><img loading=\"lazy\" decoding=\"async\" width=\"548\" height=\"365\" src=\"https:\/\/isc-rancagua.cl\/sc\/wp-content\/uploads\/2025\/12\/IMG_9160-1-548x365.jpg\" class=\"pt-cv-thumbnail\" alt=\"\" \/><\/a><\/div>\n<h4 class=\"pt-cv-title\"><a href=\"https:\/\/isc-rancagua.cl\/sc\/navidad-con-sentido\/\" class=\"_self\" target=\"_self\" >Navidad con Sentido<\/a><\/h4>\n<div class=\"pt-cv-content\">El martes 16 vivimos una Navidad con sentido junto a 50 ni\u00f1os y ni\u00f1as del sector Campamentos Dintrans, compartiendo una ...<\/div><\/div>\n<div class=\" pt-cv-content-item pt-cv-1-col\" ><div class=\"pt-cv-thumb-wrapper  \"><a href=\"https:\/\/isc-rancagua.cl\/sc\/2291-2\/\" class=\"_self pt-cv-href-thumbnail pt-cv-thumb-default\" target=\"_self\" ><img loading=\"lazy\" decoding=\"async\" width=\"243\" height=\"365\" src=\"https:\/\/isc-rancagua.cl\/sc\/wp-content\/uploads\/2025\/12\/IMG_9353-243x365.jpg\" class=\"pt-cv-thumbnail\" alt=\"\" \/><\/a><\/div>\n<h4 class=\"pt-cv-title\"><a href=\"https:\/\/isc-rancagua.cl\/sc\/2291-2\/\" class=\"_self\" target=\"_self\" >Licenciatura KINDER<\/a><\/h4>\n<div class=\"pt-cv-content\">Con mucha emoci\u00f3n y alegr\u00eda, el Instituto Sagrado Coraz\u00f3n realiz\u00f3 la licenciatura de las ni\u00f1as de Kinder B\u00e1sico, marcando el ...<\/div><\/div>\n<div class=\" pt-cv-content-item pt-cv-1-col\" ><div class=\"pt-cv-thumb-wrapper  \"><a href=\"https:\/\/isc-rancagua.cl\/sc\/licenciatura-cuartos-medios-2025\/\" class=\"_self pt-cv-href-thumbnail pt-cv-thumb-default\" target=\"_self\" ><img loading=\"lazy\" decoding=\"async\" width=\"548\" height=\"365\" src=\"https:\/\/isc-rancagua.cl\/sc\/wp-content\/uploads\/2025\/12\/IMG_8690-548x365.jpg\" class=\"pt-cv-thumbnail\" alt=\"\" \/><\/a><\/div>\n<h4 class=\"pt-cv-title\"><a href=\"https:\/\/isc-rancagua.cl\/sc\/licenciatura-cuartos-medios-2025\/\" class=\"_self\" target=\"_self\" >Licenciatura Cuartos Medios 2025<\/a><\/h4>\n<div class=\"pt-cv-content\">Emotiva licenciatura de cuartos medios marc\u00f3 el cierre de una etapa en el Instituto Sagrado Coraz\u00f3n de Rancagua Con una ...<\/div><\/div>\n<div class=\" pt-cv-content-item pt-cv-1-col\" ><div class=\"pt-cv-thumb-wrapper  \"><a href=\"https:\/\/isc-rancagua.cl\/sc\/fupecj-2025-3\/\" class=\"_self pt-cv-href-thumbnail pt-cv-thumb-default\" target=\"_self\" ><img loading=\"lazy\" decoding=\"async\" width=\"243\" height=\"365\" src=\"https:\/\/isc-rancagua.cl\/sc\/wp-content\/uploads\/2025\/12\/IMG_6314-243x365.jpg\" class=\"pt-cv-thumbnail\" alt=\"\" \/><\/a><\/div>\n<h4 class=\"pt-cv-title\"><a href=\"https:\/\/isc-rancagua.cl\/sc\/fupecj-2025-3\/\" class=\"_self\" target=\"_self\" >FUPECJ 2025<\/a><\/h4>\n<div class=\"pt-cv-content\">Con gran \u00e9xito se desarroll\u00f3 el encuentro FUPECJ 2025 en el Instituto Sagrado Coraz\u00f3n El pasado s\u00e1bado 11 de octubre, ...<\/div><\/div>\n<div class=\" pt-cv-content-item pt-cv-1-col\" ><div class=\"pt-cv-thumb-wrapper  \"><a href=\"https:\/\/isc-rancagua.cl\/sc\/proceso-de-matricula-2026\/\" class=\"_self pt-cv-href-thumbnail pt-cv-thumb-default\" target=\"_self\" ><img loading=\"lazy\" decoding=\"async\" width=\"548\" height=\"365\" src=\"https:\/\/isc-rancagua.cl\/sc\/wp-content\/uploads\/2025\/11\/matricula_noticia-548x365.jpg\" class=\"pt-cv-thumbnail\" alt=\"\" \/><\/a><\/div>\n<h4 class=\"pt-cv-title\"><a href=\"https:\/\/isc-rancagua.cl\/sc\/proceso-de-matricula-2026\/\" class=\"_self\" target=\"_self\" >PROCESO DE MATRICULA 2026<\/a><\/h4>\n<div class=\"pt-cv-content\">Estudiantes antiguos \u2013 Nuevos SAE www.sagradocoraz\u00f3n.cl 1923-2026 Estimadas Familias: Reciban un cordial saludo del Equipo de Gesti\u00f3n Directiva del Instituto ...<\/div><\/div>\n<div class=\" pt-cv-content-item pt-cv-1-col\" ><div class=\"pt-cv-thumb-wrapper  \"><a href=\"https:\/\/isc-rancagua.cl\/sc\/2074-2\/\" class=\"_self pt-cv-href-thumbnail pt-cv-thumb-default\" target=\"_self\" ><img loading=\"lazy\" decoding=\"async\" width=\"653\" height=\"365\" src=\"https:\/\/isc-rancagua.cl\/sc\/wp-content\/uploads\/2025\/10\/becas-postulacion-653x365.jpg\" class=\"pt-cv-thumbnail\" alt=\"\" \/><\/a><\/div>\n<h4 class=\"pt-cv-title\"><a href=\"https:\/\/isc-rancagua.cl\/sc\/2074-2\/\" class=\"_self\" target=\"_self\" >RENOVACI\u00d3N DE MATR\u00cdCULA PAGOS 2026<\/a><\/h4>\n<div class=\"pt-cv-content\">Estimadas familias: Como parte de nuestro compromiso con la educaci\u00f3n integral de nuestros estudiantes y en cumplimiento de la normativa ...<\/div><\/div><\/div><\/div>\n<div class=\" pt-cv-pagination-wrapper\"><ul class=\"pt-cv-pagination pt-cv-ajax pagination\" data-totalpages=\"6\" data-currentpage=\"1\" data-sid=\"f657df0qnw\" data-unid=\"\" data-isblock=\"\" data-postid=\"\"><li class=\"active\"><a href=\"#\">1<\/a><\/li>\n\t<li ><a class=\"\" href=\"https:\/\/isc-rancagua.cl\/sc\/wp-json\/wp\/v2\/pages\/1086\/?_page=2\">2<\/a><\/li>\n\t<li ><a class=\"\" href=\"https:\/\/isc-rancagua.cl\/sc\/wp-json\/wp\/v2\/pages\/1086\/?_page=3\">3<\/a><\/li>\n\t<li ><a href=\"#\">&hellip;<\/a><\/li>\n\t<li ><a class=\"\" href=\"https:\/\/isc-rancagua.cl\/sc\/wp-json\/wp\/v2\/pages\/1086\/?_page=6\">6<\/a><\/li>\n\t<li ><a class=\" \" href=\"https:\/\/isc-rancagua.cl\/sc\/wp-json\/wp\/v2\/pages\/1086\/?_page=2\">&rsaquo;<\/a><\/li>\n\t<\/ul><img loading=\"lazy\" decoding=\"async\" width=\"15\" height=\"15\" class=\"pt-cv-spinner\" alt=\"Cargando...\" src=\"data:image\/gif;base64,R0lGODlhDwAPALMPAMrKygwMDJOTkz09PZWVla+vr3p6euTk5M7OzuXl5TMzMwAAAJmZmWZmZszMzP\/\/\/yH\/C05FVFNDQVBFMi4wAwEAAAAh+QQFCgAPACwAAAAADwAPAAAEQvDJaZaZOIcV8iQK8VRX4iTYoAwZ4iCYoAjZ4RxejhVNoT+mRGP4cyF4Pp0N98sBGIBMEMOotl6YZ3S61Bmbkm4mAgAh+QQFCgAPACwAAAAADQANAAAENPDJSRSZeA418itN8QiK8BiLITVsFiyBBIoYqnoewAD4xPw9iY4XLGYSjkQR4UAUD45DLwIAIfkEBQoADwAsAAAAAA8ACQAABC\/wyVlamTi3nSdgwFNdhEJgTJoNyoB9ISYoQmdjiZPcj7EYCAeCF1gEDo4Dz2eIAAAh+QQFCgAPACwCAAAADQANAAAEM\/DJBxiYeLKdX3IJZT1FU0iIg2RNKx3OkZVnZ98ToRD4MyiDnkAh6BkNC0MvsAj0kMpHBAAh+QQFCgAPACwGAAAACQAPAAAEMDC59KpFDll73HkAA2wVY5KgiK5b0RRoI6MuzG6EQqCDMlSGheEhUAgqgUUAFRySIgAh+QQFCgAPACwCAAIADQANAAAEM\/DJKZNLND\/kkKaHc3xk+QAMYDKsiaqmZCxGVjSFFCxB1vwy2oOgIDxuucxAMTAJFAJNBAAh+QQFCgAPACwAAAYADwAJAAAEMNAs86q1yaWwwv2Ig0jUZx3OYa4XoRAfwADXoAwfo1+CIjyFRuEho60aSNYlOPxEAAAh+QQFCgAPACwAAAIADQANAAAENPA9s4y8+IUVcqaWJ4qEQozSoAzoIyhCK2NFU2SJk0hNnyEOhKR2AzAAj4Pj4GE4W0bkJQIAOw==\" \/><div class=\"clear pt-cv-clear-pagination\"><\/div><\/div><\/div>\t\t\t<style type=\"text\/css\" id=\"pt-cv-inline-style-4dcfe391c0\">\n#pt-cv-view-f657df0qnw .pt-cv-thumb-wrapper:not(.miniwrap) {  }#pt-cv-view-f657df0qnw .pt-cv-thumbnail:not(.pt-cv-thumbnailsm) { height: 150px; }#pt-cv-view-f657df0qnw > .pt-cv-page {grid-template-columns: repeat(2, 1fr);grid-gap: 15px;}\n@media all and (max-width: 1024px) { \n#pt-cv-view-f657df0qnw > .pt-cv-page {grid-template-columns: repeat(1, 1fr);}\n} \n@media all and (max-width: 767px) { \n#pt-cv-view-f657df0qnw > .pt-cv-page {grid-template-columns: repeat(1, 1fr);}\n} <\/style>\r\n\t\t\t\r\n\r\n<!-- \/wp:post-content -->","protected":false},"excerpt":{"rendered":"<p>&nbsp;<\/p>\n","protected":false},"author":1,"featured_media":0,"parent":0,"menu_order":0,"comment_status":"closed","ping_status":"closed","template":"","meta":{"_eb_attr":"","footnotes":""},"class_list":["post-1086","page","type-page","status-publish","hentry"],"_links":{"self":[{"href":"https:\/\/isc-rancagua.cl\/sc\/wp-json\/wp\/v2\/pages\/1086","targetHints":{"allow":["GET"]}}],"collection":[{"href":"https:\/\/isc-rancagua.cl\/sc\/wp-json\/wp\/v2\/pages"}],"about":[{"href":"https:\/\/isc-rancagua.cl\/sc\/wp-json\/wp\/v2\/types\/page"}],"author":[{"embeddable":true,"href":"https:\/\/isc-rancagua.cl\/sc\/wp-json\/wp\/v2\/users\/1"}],"replies":[{"embeddable":true,"href":"https:\/\/isc-rancagua.cl\/sc\/wp-json\/wp\/v2\/comments?post=1086"}],"version-history":[{"count":61,"href":"https:\/\/isc-rancagua.cl\/sc\/wp-json\/wp\/v2\/pages\/1086\/revisions"}],"predecessor-version":[{"id":2147,"href":"https:\/\/isc-rancagua.cl\/sc\/wp-json\/wp\/v2\/pages\/1086\/revisions\/2147"}],"wp:attachment":[{"href":"https:\/\/isc-rancagua.cl\/sc\/wp-json\/wp\/v2\/media?parent=1086"}],"curies":[{"name":"wp","href":"https:\/\/api.w.org\/{rel}","templated":true}]}}